{"id":32775,"date":"2024-12-09T09:41:31","date_gmt":"2024-12-09T09:41:31","guid":{"rendered":"https:\/\/dev.recer.pt\/politique-de-cookies\/"},"modified":"2025-02-18T21:52:24","modified_gmt":"2025-02-18T21:52:24","slug":"politique-de-cookies","status":"publish","type":"page","link":"https:\/\/dev.recer.pt\/fr\/politique-de-cookies\/","title":{"rendered":"Politique de cookies"},"content":{"rendered":"\n<h3 class=\"wp-block-heading\">\u00c0 quoi correspondent les cookies ?<\/h3>\n\n<p>Les \u00ab cookies \u00bb sont de petites \u00e9tiquettes de logiciels pouvant \u00eatre stock\u00e9es sur votre ordinateur via le navigateur d&rsquo;Internet, ne conservant que les informations li\u00e9es \u00e0 vos pr\u00e9f\u00e9rences et excluant donc vos donn\u00e9es personnelles.<\/p>\n\n<h3 class=\"wp-block-heading\">\u00c0 quoi servent les cookies ?<\/h3>\n\n<p>Les cookies servent \u00e0 aider \u00e0 d\u00e9terminer l&rsquo;utilit\u00e9, l&rsquo;int\u00e9r\u00eat et le nombre d&rsquo;utilisations de vos sites web. Ils permettent une navigation plus rapide et efficace en \u00e9liminant le besoin de saisir de forme r\u00e9p\u00e9t\u00e9e les m\u00eames informations.<\/p>\n\n<h3 class=\"wp-block-heading\">Quel genre de cookies utilisons-nous ?<\/h3>\n\n<p>Il existe deux groupes de cookies qui peuvent \u00eatre utilis\u00e9s :<\/p>\n\n<p><strong>Cookies permanents:<\/strong> ce sont des cookies qui restent stock\u00e9s au niveau du navigateur de vos dispositifs d&rsquo;acc\u00e8s (PC, t\u00e9l\u00e9phone portable et tablette) et qui sont utilis\u00e9s chaque fois que vous effectuez une nouvelle visite de l&rsquo;un de nos sites web. Ils sont utilis\u00e9s en g\u00e9n\u00e9ral pour orienter la navigation en fonction des int\u00e9r\u00eats de l&rsquo;utilisateur, ce qui nous permet de fournir un service plus personnalis\u00e9. <\/p>\n\n<p><strong>Cookies de session:<\/strong> ce sont des cookies temporaires qui restent dans le fichier de cookies de votre navigateur jusqu&rsquo;\u00e0 ce que vous quittiez le site. Les informations obtenues par ces cookies servent \u00e0 analyser les profils du trafic Web, nous permettant ainsi d&rsquo;identifier les probl\u00e8mes et de fournir une meilleure exp\u00e9rience de navigation. <\/p>\n\n<h3 class=\"wp-block-heading\">\u00c0 quelles fins utilisons-nous les cookies ?<\/h3>\n\n<p><strong>Cookies strictement n\u00e9cessaires<\/strong><\/p>\n\n<p>Ils vous permettent de parcourir le site Web et d&rsquo;utiliser vos applications, ainsi que d&rsquo;acc\u00e9der aux zones s\u00e9curis\u00e9es de ce dernier. Sans ces cookies, les services que vous avez demand\u00e9s ne peuvent pas \u00eatre fournis.  <\/p>\n\n<p><strong>Cookies analytiques<\/strong><\/p>\n\n<p>Ils sont utilis\u00e9s anonymement dans le but de cr\u00e9er et d&rsquo;analyser des statistiques afin d&rsquo;am\u00e9liorer le fonctionnement du site.<\/p>\n\n<p><strong>Cookies fonctionnels<\/strong><\/p>\n\n<p>Ils conservent les pr\u00e9f\u00e9rences des utilisateurs concernant l&rsquo;utilisation du site, afin qu&rsquo;il ne soit pas n\u00e9cessaire de reconfigurer le site chaque fois que vous le visitez.<\/p>\n\n<p><strong>Cookies de tiers<\/strong><\/p>\n\n<p>Mesurer le succ\u00e8s des applications et l&rsquo;efficacit\u00e9 de la publicit\u00e9 de tiers. Ils peuvent \u00e9galement \u00eatre utilis\u00e9s pour personnaliser un widget avec des donn\u00e9es utilisateur. <\/p>\n\n<p><strong>Cookies publicitaires<\/strong><\/p>\n\n<p>Ils orientent la publicit\u00e9 en fonction des int\u00e9r\u00eats de chaque utilisateur, afin de diriger les campagnes publicitaires en tenant compte des go\u00fbts des utilisateurs et de limiter le nombre de fois qu&rsquo;ils voient l&rsquo;annonce, ce qui permet de mesurer l&rsquo;efficacit\u00e9 de la publicit\u00e9 et le succ\u00e8s de l&rsquo;organisation du site web.<\/p>\n\n<p><strong>Cookies non identifi\u00e9s<\/strong><\/p>\n\n<p>Ce sont des cookies que nous sommes en train d&rsquo;identifier individuellement, en collaboration avec les fournisseurs de cookies.<\/p>\n\n<h3 class=\"wp-block-heading\">Comment pouvez-vous g\u00e9rer les cookies ?<\/h3>\n\n<p>Tous les navigateurs permettent \u00e0 l&rsquo;utilisateur d\u2019accepter, de rejeter ou de supprimer des cookies, en particulier en y s\u00e9lectionnant les param\u00e8tres appropri\u00e9s. Vous pouvez d\u00e9finir des cookies dans le menu \u00ab Options \u00bb ou \u00ab Pr\u00e9f\u00e9rences \u00bb de votre navigateur. Notez toutefois qu\u2019en d\u00e9sactivant les cookies, vous pouvez emp\u00eacher certains services web de fonctionner correctement en affectant partiellement ou totalement la navigation de votre site Web. Les utilisateurs peuvent d\u00e9sactiver l&rsquo;utilisation des cookies sur ce site web \u00e0 tout moment en modifiant les configurations du navigateur, par exemple:   <\/p>\n\n<ul class=\"wp-block-list\">\n<li><a href=\"https:\/\/support.google.com\/chrome\/bin\/answer.py?hl=pt&amp;answer=95647\" target=\"_blank\" rel=\"noreferrer noopener\">Google Chrome<\/a>:<\/li>\n\n\n\n<li><a href=\"https:\/\/windows.microsoft.com\/pt-pt\/windows7\/how-to-manage-cookies-in-internet-explorer-9\" target=\"_blank\" rel=\"noreferrer noopener\">Internet Explorer<\/a>:<\/li>\n\n\n\n<li><a href=\"https:\/\/support.mozilla.org\/pt-PT\/kb\/Activar%2520e%2520Desactivar%2520cookies\" target=\"_blank\" rel=\"noreferrer noopener\">Mozilla Firefox<\/a>:<\/li>\n\n\n\n<li><a href=\"https:\/\/support.apple.com\/kb\/ph504\" target=\"_blank\" rel=\"noreferrer noopener\">Apple Safari<\/a>:<\/li>\n<\/ul>\n\n<h3 class=\"wp-block-heading\">Qu&rsquo;arrive-t-il lorsque les cookies sont d\u00e9sactiv\u00e9s ?<\/h3>\n\n<p>Certaines fonctions et certains services peuvent cesser de fonctionner ou se comporter d&rsquo;une forme inattendue, comme par exemple l&rsquo;identification de l&rsquo;utilisateur sur certaines pages ou la r\u00e9ception d&rsquo;informations qui tiennent compte de la localisation de l&rsquo;utilisateur, entre autres.<\/p>\n\n<p>Si vous d\u00e9sactivez les cookies de ce site web, il est probable que vous n&rsquo;ayez pas acc\u00e8s \u00e0 certaines zones ou que la qualit\u00e9 de votre exp\u00e9rience de navigation soit consid\u00e9rablement inf\u00e9rieure.<\/p>\n\n<p>Les cookies utilis\u00e9s sur ce site web<br\/>Vous pourrez consulter un tableau r\u00e9sumant les cookies utilis\u00e9s sur ce site web ci-dessous:<\/p>\n\n<p><strong>Cookies strictement n\u00e9cessaires<\/strong><\/p>\n\n<figure class=\"wp-block-table\"><table class=\"has-fixed-layout\"><tbody><tr><td>Fournisseur<\/td><td>Cookies<\/td><td>Dur\u00e9e<\/td><td>Type<\/td><td>Finalit\u00e9<\/td><\/tr><tr><td>www.recer.pt<\/td><td>Recer<\/td><td>Jusqu&rsquo;\u00e0 la fin de la session<\/td><td>Session<\/td><td>Ce cookie est utilis\u00e9 par le PHP pour permettre la sauvegarde des variables de session sur le serveur web. Ce cookie est essentiel pour le fonctionnement du site web. <\/td><\/tr><tr><td>www.recer.pt<\/td><td>lang<\/td><td>Un an<\/td><td>Permanent<\/td><td>Utilis\u00e9 pour identifier la langue utilis\u00e9e sur le site web durant la navigation.<\/td><\/tr><\/tbody><\/table><\/figure>\n\n<p><strong>Cookies analytiques<\/strong><\/p>\n\n<figure class=\"wp-block-table\"><table class=\"has-fixed-layout\"><tbody><tr><td>Fournisseur<\/td><td>Cookies<\/td><td>Dur\u00e9e<\/td><td>Type<\/td><td>Finalit\u00e9<\/td><\/tr><tr><td>Google<\/td><td>_ga<\/td><td>Deux ans<\/td><td>Permanent<\/td><td>C&rsquo;est une partie de Google Analytics. Il est utilis\u00e9 pour diff\u00e9rencier les utilisateurs (<a href=\"https:\/\/developers.google.com\/analytics\/devguides\/collection\/analyticsjs\/cookie-usage?hl=es-419#analyticsjs\" target=\"_blank\" rel=\"noreferrer noopener\">voir plus ici<\/a>) <\/td><\/tr><tr><td>Google<\/td><td>_gat<\/td><td>10 minutes<\/td><td>Permanent<\/td><td>C&rsquo;est une partie de Google Analytics. Il est utilis\u00e9 pour diff\u00e9rencier les utilisateurs (<a href=\"https:\/\/developers.google.com\/analytics\/devguides\/collection\/analyticsjs\/cookie-usage?hl=es-419#analyticsjs\" target=\"_blank\" rel=\"noreferrer noopener\">voir plus ici<\/a>) <\/td><\/tr><tr><td>Google<\/td><td>_gid<\/td><td>24 heures<\/td><td>Permanent<\/td><td>C&rsquo;est une partie de Google Analytics. Il est utilis\u00e9 pour diff\u00e9rencier les utilisateurs (<a href=\"https:\/\/developers.google.com\/analytics\/devguides\/collection\/analyticsjs\/cookie-usage?hl=es-419#analyticsjs\" target=\"_blank\" rel=\"noreferrer noopener\">voir plus ici<\/a>) <\/td><\/tr><\/tbody><\/table><\/figure>\n\n<h3 class=\"wp-block-heading\">Garanties suppl\u00e9mentaires et annulation de l&rsquo;acceptation<\/h3>\n\n<p>RECER ne sera pas responsable du contenu et de la v\u00e9racit\u00e9 des politiques de confidentialit\u00e9 de composants de tiers \u00e9ventuellement inclus sur ce site web.<\/p>\n\n<p>\u00c0 titre de garantie suppl\u00e9mentaire, l&rsquo;enregistrement des cookies contenus sur ce site web peut \u00eatre sujet \u00e0 l&rsquo;acception des cookies par l&rsquo;utilisateur durant sa visite du site web et \u00e0 l&rsquo;installation ou la mise \u00e0 jour du navigateur utilis\u00e9. Cette acceptation peut \u00eatre annul\u00e9e \u00e0 tout moment au niveau des configurations du contenu et de la confidentialit\u00e9, de la forme d\u00e9finie au point 5 de la pr\u00e9sente politique ou en utilisant l&rsquo;hyperlien situ\u00e9 dans la partie inf\u00e9rieure de cette page. <\/p>\n\n<h3 class=\"wp-block-heading\">Mise \u00e0 jour de la politique de cookies<\/h3>\n\n<p>RECER peut modifier cette politique de cookies conform\u00e9ment aux exigences l\u00e9gales ou r\u00e9glementaires, ou bien l&rsquo;adapter aux nouvelles instructions d\u00e9cr\u00e9t\u00e9es par la loi.<\/p>\n\n<p>Lorsqu&rsquo;il existe des modifications significatives de cette politique de cookies, les utilisateurs du site web en sont notifi\u00e9s. Vous pouvez obtenir des informations suppl\u00e9mentaires sur les cookies \u00e0 l&rsquo;hyperlien suivant : <\/p>\n\n<p><a href=\"https:\/\/www.allaboutcookies.org\/\">www.allaboutcookies.org<\/a><\/p>\n\n<p>Derni\u00e8re mise \u00e0 jour le 01 janvier 2025.<\/p>\n","protected":false},"excerpt":{"rendered":"<p>\u00c0 quoi correspondent les cookies ? Les \u00ab cookies \u00bb sont de petites \u00e9tiquettes de logiciels pouvant \u00eatre stock\u00e9es sur votre ordinateur via le navigateur d&rsquo;Internet, ne conservant que les informations li\u00e9es \u00e0 vos pr\u00e9f\u00e9rences et excluant donc vos donn\u00e9es personnelles. \u00c0 quoi servent les cookies ? Les cookies servent \u00e0 aider \u00e0 d\u00e9terminer l&rsquo;utilit\u00e9, [&hellip;]<\/p>\n","protected":false},"author":1,"featured_media":0,"parent":0,"menu_order":0,"comment_status":"closed","ping_status":"closed","template":"","meta":{"footnotes":""},"class_list":["post-32775","page","type-page","status-publish","hentry"],"acf":[],"yoast_head":"<!-- This site is optimized with the Yoast SEO plugin v27.4 - https:\/\/yoast.com\/product\/yoast-seo-wordpress\/ -->\n<title>Politique de cookies - Recer<\/title>\n<meta name=\"robots\" content=\"index, follow, max-snippet:-1, max-image-preview:large, max-video-preview:-1\" \/>\n<link rel=\"canonical\" href=\"https:\/\/dev.recer.pt\/fr\/politique-de-cookies\/\" \/>\n<meta property=\"og:locale\" content=\"fr_FR\" \/>\n<meta property=\"og:type\" content=\"article\" \/>\n<meta property=\"og:title\" content=\"Politique de cookies - Recer\" \/>\n<meta property=\"og:description\" content=\"\u00c0 quoi correspondent les cookies ? Les \u00ab cookies \u00bb sont de petites \u00e9tiquettes de logiciels pouvant \u00eatre stock\u00e9es sur votre ordinateur via le navigateur d&rsquo;Internet, ne conservant que les informations li\u00e9es \u00e0 vos pr\u00e9f\u00e9rences et excluant donc vos donn\u00e9es personnelles. \u00c0 quoi servent les cookies ? Les cookies servent \u00e0 aider \u00e0 d\u00e9terminer l&rsquo;utilit\u00e9, [&hellip;]\" \/>\n<meta property=\"og:url\" content=\"https:\/\/dev.recer.pt\/fr\/politique-de-cookies\/\" \/>\n<meta property=\"og:site_name\" content=\"Recer\" \/>\n<meta property=\"article:publisher\" content=\"https:\/\/www.facebook.com\/recerceramics\" \/>\n<meta property=\"article:modified_time\" content=\"2025-02-18T21:52:24+00:00\" \/>\n<meta name=\"twitter:card\" content=\"summary_large_image\" \/>\n<meta name=\"twitter:label1\" content=\"Dur\u00e9e de lecture estim\u00e9e\" \/>\n\t<meta name=\"twitter:data1\" content=\"5 minutes\" \/>\n<script type=\"application\/ld+json\" class=\"yoast-schema-graph\">{\"@context\":\"https:\\\/\\\/schema.org\",\"@graph\":[{\"@type\":\"WebPage\",\"@id\":\"https:\\\/\\\/dev.recer.pt\\\/fr\\\/politique-de-cookies\\\/\",\"url\":\"https:\\\/\\\/dev.recer.pt\\\/fr\\\/politique-de-cookies\\\/\",\"name\":\"Politique de cookies - Recer\",\"isPartOf\":{\"@id\":\"https:\\\/\\\/dev.recer.pt\\\/fr\\\/#website\"},\"datePublished\":\"2024-12-09T09:41:31+00:00\",\"dateModified\":\"2025-02-18T21:52:24+00:00\",\"breadcrumb\":{\"@id\":\"https:\\\/\\\/dev.recer.pt\\\/fr\\\/politique-de-cookies\\\/#breadcrumb\"},\"inLanguage\":\"fr-FR\",\"potentialAction\":[{\"@type\":\"ReadAction\",\"target\":[\"https:\\\/\\\/dev.recer.pt\\\/fr\\\/politique-de-cookies\\\/\"]}]},{\"@type\":\"BreadcrumbList\",\"@id\":\"https:\\\/\\\/dev.recer.pt\\\/fr\\\/politique-de-cookies\\\/#breadcrumb\",\"itemListElement\":[{\"@type\":\"ListItem\",\"position\":1,\"name\":\"Home\",\"item\":\"https:\\\/\\\/dev.recer.pt\\\/fr\\\/\"},{\"@type\":\"ListItem\",\"position\":2,\"name\":\"Politique de cookies\"}]},{\"@type\":\"WebSite\",\"@id\":\"https:\\\/\\\/dev.recer.pt\\\/fr\\\/#website\",\"url\":\"https:\\\/\\\/dev.recer.pt\\\/fr\\\/\",\"name\":\"Recer\",\"description\":\"\",\"potentialAction\":[{\"@type\":\"SearchAction\",\"target\":{\"@type\":\"EntryPoint\",\"urlTemplate\":\"https:\\\/\\\/dev.recer.pt\\\/fr\\\/?s={search_term_string}\"},\"query-input\":{\"@type\":\"PropertyValueSpecification\",\"valueRequired\":true,\"valueName\":\"search_term_string\"}}],\"inLanguage\":\"fr-FR\"}]}<\/script>\n<!-- \/ Yoast SEO plugin. -->","yoast_head_json":{"title":"Politique de cookies - Recer","robots":{"index":"index","follow":"follow","max-snippet":"max-snippet:-1","max-image-preview":"max-image-preview:large","max-video-preview":"max-video-preview:-1"},"canonical":"https:\/\/dev.recer.pt\/fr\/politique-de-cookies\/","og_locale":"fr_FR","og_type":"article","og_title":"Politique de cookies - Recer","og_description":"\u00c0 quoi correspondent les cookies ? Les \u00ab cookies \u00bb sont de petites \u00e9tiquettes de logiciels pouvant \u00eatre stock\u00e9es sur votre ordinateur via le navigateur d&rsquo;Internet, ne conservant que les informations li\u00e9es \u00e0 vos pr\u00e9f\u00e9rences et excluant donc vos donn\u00e9es personnelles. \u00c0 quoi servent les cookies ? Les cookies servent \u00e0 aider \u00e0 d\u00e9terminer l&rsquo;utilit\u00e9, [&hellip;]","og_url":"https:\/\/dev.recer.pt\/fr\/politique-de-cookies\/","og_site_name":"Recer","article_publisher":"https:\/\/www.facebook.com\/recerceramics","article_modified_time":"2025-02-18T21:52:24+00:00","twitter_card":"summary_large_image","twitter_misc":{"Dur\u00e9e de lecture estim\u00e9e":"5 minutes"},"schema":{"@context":"https:\/\/schema.org","@graph":[{"@type":"WebPage","@id":"https:\/\/dev.recer.pt\/fr\/politique-de-cookies\/","url":"https:\/\/dev.recer.pt\/fr\/politique-de-cookies\/","name":"Politique de cookies - Recer","isPartOf":{"@id":"https:\/\/dev.recer.pt\/fr\/#website"},"datePublished":"2024-12-09T09:41:31+00:00","dateModified":"2025-02-18T21:52:24+00:00","breadcrumb":{"@id":"https:\/\/dev.recer.pt\/fr\/politique-de-cookies\/#breadcrumb"},"inLanguage":"fr-FR","potentialAction":[{"@type":"ReadAction","target":["https:\/\/dev.recer.pt\/fr\/politique-de-cookies\/"]}]},{"@type":"BreadcrumbList","@id":"https:\/\/dev.recer.pt\/fr\/politique-de-cookies\/#breadcrumb","itemListElement":[{"@type":"ListItem","position":1,"name":"Home","item":"https:\/\/dev.recer.pt\/fr\/"},{"@type":"ListItem","position":2,"name":"Politique de cookies"}]},{"@type":"WebSite","@id":"https:\/\/dev.recer.pt\/fr\/#website","url":"https:\/\/dev.recer.pt\/fr\/","name":"Recer","description":"","potentialAction":[{"@type":"SearchAction","target":{"@type":"EntryPoint","urlTemplate":"https:\/\/dev.recer.pt\/fr\/?s={search_term_string}"},"query-input":{"@type":"PropertyValueSpecification","valueRequired":true,"valueName":"search_term_string"}}],"inLanguage":"fr-FR"}]}},"_links":{"self":[{"href":"https:\/\/dev.recer.pt\/fr\/wp-json\/wp\/v2\/pages\/32775","targetHints":{"allow":["GET"]}}],"collection":[{"href":"https:\/\/dev.recer.pt\/fr\/wp-json\/wp\/v2\/pages"}],"about":[{"href":"https:\/\/dev.recer.pt\/fr\/wp-json\/wp\/v2\/types\/page"}],"author":[{"embeddable":true,"href":"https:\/\/dev.recer.pt\/fr\/wp-json\/wp\/v2\/users\/1"}],"replies":[{"embeddable":true,"href":"https:\/\/dev.recer.pt\/fr\/wp-json\/wp\/v2\/comments?post=32775"}],"version-history":[{"count":1,"href":"https:\/\/dev.recer.pt\/fr\/wp-json\/wp\/v2\/pages\/32775\/revisions"}],"predecessor-version":[{"id":32776,"href":"https:\/\/dev.recer.pt\/fr\/wp-json\/wp\/v2\/pages\/32775\/revisions\/32776"}],"wp:attachment":[{"href":"https:\/\/dev.recer.pt\/fr\/wp-json\/wp\/v2\/media?parent=32775"}],"curies":[{"name":"wp","href":"https:\/\/api.w.org\/{rel}","templated":true}]}}