{"id":32740,"date":"2024-12-23T09:43:09","date_gmt":"2024-12-23T09:43:09","guid":{"rendered":"https:\/\/dev.recer.pt\/qui-nous-sommes\/"},"modified":"2025-02-18T17:11:36","modified_gmt":"2025-02-18T17:11:36","slug":"qui-nous-sommes","status":"publish","type":"page","link":"https:\/\/dev.recer.pt\/fr\/qui-nous-sommes\/","title":{"rendered":"Qui Nous Sommes"},"content":{"rendered":"\n<p><strong>Au d\u00e9but, il n\u2019y a que de la poussi\u00e8re<\/strong>. Puis, il semble que cette poussi\u00e8re fait le tour du monde pour capter les nouvelles tendances, qui serviront d&rsquo;inspiration au design le plus cr\u00e9atif. Pour finir, elle s\u2019allie \u00e0 la puissance de la plus haute technologie pour gagner forme, texture, couleur et vie. C\u2019est ainsi qu\u2019une mati\u00e8re premi\u00e8re si simple se transforme en pi\u00e8ces esth\u00e9tiques et techniquement si sophistiqu\u00e9es, cr\u00e9ant des environnements splendides, fonctionnels et \u00e9ternels, o\u00f9 il fait bon vivre, travailler et rester.   <\/p>\n","protected":false},"excerpt":{"rendered":"<p>Au d\u00e9but, il n\u2019y a que de la poussi\u00e8re. Puis, il semble que cette poussi\u00e8re fait le tour du monde pour capter les nouvelles tendances, qui serviront d&rsquo;inspiration au design le plus cr\u00e9atif. Pour finir, elle s\u2019allie \u00e0 la puissance de la plus haute technologie pour gagner forme, texture, couleur et vie. C\u2019est ainsi qu\u2019une [&hellip;]<\/p>\n","protected":false},"author":1,"featured_media":31124,"parent":0,"menu_order":0,"comment_status":"closed","ping_status":"closed","template":"","meta":{"footnotes":""},"class_list":["post-32740","page","type-page","status-publish","has-post-thumbnail","hentry"],"acf":[],"yoast_head":"<!-- This site is optimized with the Yoast SEO plugin v27.4 - https:\/\/yoast.com\/product\/yoast-seo-wordpress\/ -->\n<title>Qui Nous Sommes - Recer<\/title>\n<meta name=\"robots\" content=\"index, follow, max-snippet:-1, max-image-preview:large, max-video-preview:-1\" \/>\n<link rel=\"canonical\" href=\"https:\/\/dev.recer.pt\/fr\/qui-nous-sommes\/\" \/>\n<meta property=\"og:locale\" content=\"fr_FR\" \/>\n<meta property=\"og:type\" content=\"article\" \/>\n<meta property=\"og:title\" content=\"Qui Nous Sommes - Recer\" \/>\n<meta property=\"og:description\" content=\"Au d\u00e9but, il n\u2019y a que de la poussi\u00e8re. Puis, il semble que cette poussi\u00e8re fait le tour du monde pour capter les nouvelles tendances, qui serviront d&rsquo;inspiration au design le plus cr\u00e9atif. Pour finir, elle s\u2019allie \u00e0 la puissance de la plus haute technologie pour gagner forme, texture, couleur et vie. C\u2019est ainsi qu\u2019une [&hellip;]\" \/>\n<meta property=\"og:url\" content=\"https:\/\/dev.recer.pt\/fr\/qui-nous-sommes\/\" \/>\n<meta property=\"og:site_name\" content=\"Recer\" \/>\n<meta property=\"article:publisher\" content=\"https:\/\/www.facebook.com\/recerceramics\" \/>\n<meta property=\"article:modified_time\" content=\"2025-02-18T17:11:36+00:00\" \/>\n<meta property=\"og:image\" content=\"https:\/\/dev.recer.pt\/wp-content\/uploads\/2025\/01\/no-inicio-era-po.jpg\" \/>\n\t<meta property=\"og:image:width\" content=\"1280\" \/>\n\t<meta property=\"og:image:height\" content=\"850\" \/>\n\t<meta property=\"og:image:type\" content=\"image\/jpeg\" \/>\n<meta name=\"twitter:card\" content=\"summary_large_image\" \/>\n<script type=\"application\/ld+json\" class=\"yoast-schema-graph\">{\"@context\":\"https:\\\/\\\/schema.org\",\"@graph\":[{\"@type\":\"WebPage\",\"@id\":\"https:\\\/\\\/dev.recer.pt\\\/fr\\\/qui-nous-sommes\\\/\",\"url\":\"https:\\\/\\\/dev.recer.pt\\\/fr\\\/qui-nous-sommes\\\/\",\"name\":\"Qui Nous Sommes - Recer\",\"isPartOf\":{\"@id\":\"https:\\\/\\\/dev.recer.pt\\\/fr\\\/#website\"},\"primaryImageOfPage\":{\"@id\":\"https:\\\/\\\/dev.recer.pt\\\/fr\\\/qui-nous-sommes\\\/#primaryimage\"},\"image\":{\"@id\":\"https:\\\/\\\/dev.recer.pt\\\/fr\\\/qui-nous-sommes\\\/#primaryimage\"},\"thumbnailUrl\":\"https:\\\/\\\/dev.recer.pt\\\/wp-content\\\/uploads\\\/2025\\\/01\\\/no-inicio-era-po.jpg\",\"datePublished\":\"2024-12-23T09:43:09+00:00\",\"dateModified\":\"2025-02-18T17:11:36+00:00\",\"breadcrumb\":{\"@id\":\"https:\\\/\\\/dev.recer.pt\\\/fr\\\/qui-nous-sommes\\\/#breadcrumb\"},\"inLanguage\":\"fr-FR\",\"potentialAction\":[{\"@type\":\"ReadAction\",\"target\":[\"https:\\\/\\\/dev.recer.pt\\\/fr\\\/qui-nous-sommes\\\/\"]}]},{\"@type\":\"ImageObject\",\"inLanguage\":\"fr-FR\",\"@id\":\"https:\\\/\\\/dev.recer.pt\\\/fr\\\/qui-nous-sommes\\\/#primaryimage\",\"url\":\"https:\\\/\\\/dev.recer.pt\\\/wp-content\\\/uploads\\\/2025\\\/01\\\/no-inicio-era-po.jpg\",\"contentUrl\":\"https:\\\/\\\/dev.recer.pt\\\/wp-content\\\/uploads\\\/2025\\\/01\\\/no-inicio-era-po.jpg\",\"width\":1280,\"height\":850},{\"@type\":\"BreadcrumbList\",\"@id\":\"https:\\\/\\\/dev.recer.pt\\\/fr\\\/qui-nous-sommes\\\/#breadcrumb\",\"itemListElement\":[{\"@type\":\"ListItem\",\"position\":1,\"name\":\"Home\",\"item\":\"https:\\\/\\\/dev.recer.pt\\\/fr\\\/\"},{\"@type\":\"ListItem\",\"position\":2,\"name\":\"Qui Nous Sommes\"}]},{\"@type\":\"WebSite\",\"@id\":\"https:\\\/\\\/dev.recer.pt\\\/fr\\\/#website\",\"url\":\"https:\\\/\\\/dev.recer.pt\\\/fr\\\/\",\"name\":\"Recer\",\"description\":\"\",\"potentialAction\":[{\"@type\":\"SearchAction\",\"target\":{\"@type\":\"EntryPoint\",\"urlTemplate\":\"https:\\\/\\\/dev.recer.pt\\\/fr\\\/?s={search_term_string}\"},\"query-input\":{\"@type\":\"PropertyValueSpecification\",\"valueRequired\":true,\"valueName\":\"search_term_string\"}}],\"inLanguage\":\"fr-FR\"}]}<\/script>\n<!-- \/ Yoast SEO plugin. -->","yoast_head_json":{"title":"Qui Nous Sommes - Recer","robots":{"index":"index","follow":"follow","max-snippet":"max-snippet:-1","max-image-preview":"max-image-preview:large","max-video-preview":"max-video-preview:-1"},"canonical":"https:\/\/dev.recer.pt\/fr\/qui-nous-sommes\/","og_locale":"fr_FR","og_type":"article","og_title":"Qui Nous Sommes - Recer","og_description":"Au d\u00e9but, il n\u2019y a que de la poussi\u00e8re. Puis, il semble que cette poussi\u00e8re fait le tour du monde pour capter les nouvelles tendances, qui serviront d&rsquo;inspiration au design le plus cr\u00e9atif. Pour finir, elle s\u2019allie \u00e0 la puissance de la plus haute technologie pour gagner forme, texture, couleur et vie. C\u2019est ainsi qu\u2019une [&hellip;]","og_url":"https:\/\/dev.recer.pt\/fr\/qui-nous-sommes\/","og_site_name":"Recer","article_publisher":"https:\/\/www.facebook.com\/recerceramics","article_modified_time":"2025-02-18T17:11:36+00:00","og_image":[{"width":1280,"height":850,"url":"https:\/\/dev.recer.pt\/wp-content\/uploads\/2025\/01\/no-inicio-era-po.jpg","type":"image\/jpeg"}],"twitter_card":"summary_large_image","schema":{"@context":"https:\/\/schema.org","@graph":[{"@type":"WebPage","@id":"https:\/\/dev.recer.pt\/fr\/qui-nous-sommes\/","url":"https:\/\/dev.recer.pt\/fr\/qui-nous-sommes\/","name":"Qui Nous Sommes - Recer","isPartOf":{"@id":"https:\/\/dev.recer.pt\/fr\/#website"},"primaryImageOfPage":{"@id":"https:\/\/dev.recer.pt\/fr\/qui-nous-sommes\/#primaryimage"},"image":{"@id":"https:\/\/dev.recer.pt\/fr\/qui-nous-sommes\/#primaryimage"},"thumbnailUrl":"https:\/\/dev.recer.pt\/wp-content\/uploads\/2025\/01\/no-inicio-era-po.jpg","datePublished":"2024-12-23T09:43:09+00:00","dateModified":"2025-02-18T17:11:36+00:00","breadcrumb":{"@id":"https:\/\/dev.recer.pt\/fr\/qui-nous-sommes\/#breadcrumb"},"inLanguage":"fr-FR","potentialAction":[{"@type":"ReadAction","target":["https:\/\/dev.recer.pt\/fr\/qui-nous-sommes\/"]}]},{"@type":"ImageObject","inLanguage":"fr-FR","@id":"https:\/\/dev.recer.pt\/fr\/qui-nous-sommes\/#primaryimage","url":"https:\/\/dev.recer.pt\/wp-content\/uploads\/2025\/01\/no-inicio-era-po.jpg","contentUrl":"https:\/\/dev.recer.pt\/wp-content\/uploads\/2025\/01\/no-inicio-era-po.jpg","width":1280,"height":850},{"@type":"BreadcrumbList","@id":"https:\/\/dev.recer.pt\/fr\/qui-nous-sommes\/#breadcrumb","itemListElement":[{"@type":"ListItem","position":1,"name":"Home","item":"https:\/\/dev.recer.pt\/fr\/"},{"@type":"ListItem","position":2,"name":"Qui Nous Sommes"}]},{"@type":"WebSite","@id":"https:\/\/dev.recer.pt\/fr\/#website","url":"https:\/\/dev.recer.pt\/fr\/","name":"Recer","description":"","potentialAction":[{"@type":"SearchAction","target":{"@type":"EntryPoint","urlTemplate":"https:\/\/dev.recer.pt\/fr\/?s={search_term_string}"},"query-input":{"@type":"PropertyValueSpecification","valueRequired":true,"valueName":"search_term_string"}}],"inLanguage":"fr-FR"}]}},"_links":{"self":[{"href":"https:\/\/dev.recer.pt\/fr\/wp-json\/wp\/v2\/pages\/32740","targetHints":{"allow":["GET"]}}],"collection":[{"href":"https:\/\/dev.recer.pt\/fr\/wp-json\/wp\/v2\/pages"}],"about":[{"href":"https:\/\/dev.recer.pt\/fr\/wp-json\/wp\/v2\/types\/page"}],"author":[{"embeddable":true,"href":"https:\/\/dev.recer.pt\/fr\/wp-json\/wp\/v2\/users\/1"}],"replies":[{"embeddable":true,"href":"https:\/\/dev.recer.pt\/fr\/wp-json\/wp\/v2\/comments?post=32740"}],"version-history":[{"count":3,"href":"https:\/\/dev.recer.pt\/fr\/wp-json\/wp\/v2\/pages\/32740\/revisions"}],"predecessor-version":[{"id":32743,"href":"https:\/\/dev.recer.pt\/fr\/wp-json\/wp\/v2\/pages\/32740\/revisions\/32743"}],"wp:featuredmedia":[{"embeddable":true,"href":"https:\/\/dev.recer.pt\/fr\/wp-json\/wp\/v2\/media\/31124"}],"wp:attachment":[{"href":"https:\/\/dev.recer.pt\/fr\/wp-json\/wp\/v2\/media?parent=32740"}],"curies":[{"name":"wp","href":"https:\/\/api.w.org\/{rel}","templated":true}]}}