{"id":32210,"date":"2024-12-09T09:40:26","date_gmt":"2024-12-09T09:40:26","guid":{"rendered":"https:\/\/dev.recer.pt\/politique-de-confidentialite\/"},"modified":"2025-01-23T10:54:34","modified_gmt":"2025-01-23T10:54:34","slug":"politique-de-confidentialite","status":"publish","type":"page","link":"https:\/\/dev.recer.pt\/fr\/politique-de-confidentialite\/","title":{"rendered":"Politique de confidentialit\u00e9"},"content":{"rendered":"\n<p>Chez RECER, nous prenons tr\u00e8s au s\u00e9rieux la protection de la vie priv\u00e9e de nos clients et utilisateurs, en respectant la l\u00e9gislation europ\u00e9enne en vigueur en mati\u00e8re de traitement des donn\u00e9es personnelles et de protection de la vie priv\u00e9e. C&rsquo;est pourquoi nous adoptons les meilleures pratiques pour prot\u00e9ger les donn\u00e9es des utilisateurs d&rsquo;un \u00e9ventuel acc\u00e8s non autoris\u00e9 ou d&rsquo;une mauvaise utilisation. <\/p>\n\n<h3 class=\"wp-block-heading\">Qui sommes-nous ?<\/h3>\n\n<p>RECER S.A (ci-apr\u00e8s d\u00e9nomm\u00e9 RECER) respecte la vie priv\u00e9e des visiteurs et met tout en \u0153uvre pour prot\u00e9ger leurs informations.<\/p>\n\n<h3 class=\"wp-block-heading\">Pourquoi cette politique de confidentialit\u00e9 ?<\/h3>\n\n<p>La pr\u00e9sente politique de confidentialit\u00e9 a pour but d&rsquo;informer nos clients et utilisateurs des r\u00e8gles g\u00e9n\u00e9rales en mati\u00e8re de confidentialit\u00e9 et de traitement de leurs donn\u00e9es personnelles, que nous collectons et traitons dans le strict respect de la loi sur la protection des donn\u00e9es \u00e0 caract\u00e8re personnel.<\/p>\n\n<p>RECER respecte les meilleures pratiques dans le domaine de la s\u00e9curit\u00e9 et de la protection des donn\u00e9es personnelles et, \u00e0 cette fin, a approuv\u00e9 un programme exigeant capable de garantir la protection des donn\u00e9es mises \u00e0 notre disposition par tous ceux qui, d&rsquo;une mani\u00e8re ou d&rsquo;une autre, interagissent avec l&rsquo;entreprise.<\/p>\n\n<p>Dans ce contexte, RECER dispose d&rsquo;un d\u00e9l\u00e9gu\u00e9 \u00e0 la protection des donn\u00e9es personnelles charg\u00e9 de mettre en \u0153uvre et de v\u00e9rifier cette politique de confidentialit\u00e9, ainsi que de d\u00e9finir des r\u00e8gles claires pour le traitement des donn\u00e9es personnelles, en veillant \u00e0 ce que toutes les personnes qui nous confient le traitement de leurs donn\u00e9es personnelles soient inform\u00e9es de la mani\u00e8re dont l&rsquo;entreprise traite les donn\u00e9es et des droits dont elles disposent \u00e0 cet \u00e9gard.<\/p>\n\n<p>Veuillez lire attentivement la pr\u00e9sente politique de confidentialit\u00e9 car, si vous acc\u00e9dez \u00e0 notre site web, le fait de fournir vos donn\u00e9es personnelles implique que vous connaissez et acceptez les conditions qui y sont \u00e9nonc\u00e9es. Par cons\u00e9quent, en fournissant vos donn\u00e9es personnelles, vous autorisez la collecte, l&rsquo;utilisation et la divulgation de ces donn\u00e9es conform\u00e9ment aux r\u00e8gles \u00e9nonc\u00e9es ici. <\/p>\n\n<h3 class=\"wp-block-heading\">Droits de propri\u00e9t\u00e9 intellectuelle<\/h3>\n\n<p>Le contenu du site Web, y compris, mais sans s&rsquo;y limiter, les images, textes, logiciels, photographies, sons, musiques, vid\u00e9os, ressources interactives et autres (\u00ab\u00a0contenu\u00a0\u00bb), marques et logos (\u00ab\u00a0marques\u00a0\u00bb), ou tout autre droit de propri\u00e9t\u00e9 industrielle ou intellectuelle qu&rsquo;il contient, est la propri\u00e9t\u00e9 de RECER et son utilisation par des tiers non autoris\u00e9s est express\u00e9ment interdite. Le contenu du site Web est fourni \u00e0 titre d&rsquo;information et pour un usage personnel uniquement et ne peut \u00eatre utilis\u00e9, copi\u00e9, reproduit, distribu\u00e9, transmis, diffus\u00e9, vendu, conc\u00e9d\u00e9 sous licence ou exploit\u00e9 \u00e0 d&rsquo;autres fins sans l&rsquo;accord \u00e9crit pr\u00e9alable des propri\u00e9taires respectifs. L&rsquo;utilisateur d\u00e9clare ne pas utiliser, d\u00e9sactiver ou interf\u00e9rer avec les fonctionnalit\u00e9s li\u00e9es \u00e0 la s\u00e9curit\u00e9 du site web et de l&rsquo;application.  <\/p>\n\n<p>L&rsquo;utilisateur peut toutefois imprimer le mat\u00e9riel contenu sur ce site web, \u00e0 condition qu&rsquo;il reste inchang\u00e9, qu&rsquo;il soit destin\u00e9 \u00e0 un usage personnel et non commercial, qu&rsquo;il conserve l&rsquo;indication de la source et des droits d&rsquo;auteur, et que toute autre indication de propri\u00e9t\u00e9 ne soit pas supprim\u00e9e.<\/p>\n\n<p>Rien sur ce site ne doit \u00eatre interpr\u00e9t\u00e9 comme accordant une quelconque licence ou autre autorisation d&rsquo;utilisation \u00e0 ses utilisateurs. Le site web peut contenir des images ou d&rsquo;autres \u00e9l\u00e9ments dont les droits d&rsquo;auteur appartiennent \u00e0 des tiers, tels que des fournisseurs ou d&rsquo;autres entit\u00e9s qui contribuent \u00e0 sa cr\u00e9ation ou \u00e0 sa maintenance (par exemple, des photos d&rsquo;archives). <\/p>\n\n<h3 class=\"wp-block-heading\">Contenu et garanties<\/h3>\n\n<p>Vous acceptez d&rsquo;utiliser le site web \u00e0 vos propres risques. Dans toute la mesure permise par la loi, RECER d\u00e9cline toute garantie, expresse ou implicite, concernant l&rsquo;utilisation du site web <a href=\"https:\/\/www.recer.pt\/\" target=\"_blank\" rel=\"noreferrer noopener\">www.recer.pt<\/a> ne garantit pas l&rsquo;exactitude ou la pr\u00e9cision du contenu mis \u00e0 disposition sur ses sites web et n&rsquo;assume aucune responsabilit\u00e9 pour (i) les erreurs ou le contenu inexact, (ii) les dommages corporels ou mat\u00e9riels de toute nature r\u00e9sultant de l&rsquo;acc\u00e8s et de l&rsquo;utilisation du site web et de l&rsquo;application, (iii) l&rsquo;acc\u00e8s non autoris\u00e9 ou l&rsquo;utilisation de nos serveurs s\u00e9curis\u00e9s et\/ou des informations personnelles et\/ou financi\u00e8res qui y sont stock\u00e9es, (iv) les interruptions ou la cessation de la transmission vers ou \u00e0 partir de notre site web, (iv) les erreurs, les virus, les virus troyens ou autres qui peuvent \u00eatre transmis au site web ou par son interm\u00e9diaire, et\/ou (v) les erreurs ou omissions dans le contenu ou toute perte ou dommage r\u00e9sultant de l&rsquo;utilisation du contenu publi\u00e9, t\u00e9l\u00e9charg\u00e9, transmis ou mis \u00e0 disposition par l&rsquo;interm\u00e9diaire du site web (vi) l&rsquo;indisponibilit\u00e9 ou toute difficult\u00e9 ou incapacit\u00e9 de t\u00e9l\u00e9charger ou d&rsquo;acc\u00e9der au contenu ou toute autre d\u00e9faillance du syst\u00e8me de communication qui peut entra\u00eener l&rsquo;indisponibilit\u00e9 du site web.        <\/p>\n\n<p>RECER n&rsquo;est pas responsable de l&rsquo;assistance ou de la maintenance du site web.<\/p>\n\n<p>RECER n&rsquo;assume aucune responsabilit\u00e9 quant au contenu transmis entre les utilisateurs ou entre les utilisateurs et des tiers en dehors de ce site web.<\/p>\n\n<h3 class=\"wp-block-heading\">Que couvre cette politique de protection de la vie priv\u00e9e ?<\/h3>\n\n<p>La pr\u00e9sente politique de confidentialit\u00e9 s&rsquo;applique exclusivement \u00e0 la collecte et au traitement des donn\u00e9es personnelles effectu\u00e9s par cette soci\u00e9t\u00e9.<\/p>\n\n<p>Sur le site web, vous pouvez trouver des liens vers d&rsquo;autres sites web qui ne sont pas li\u00e9s \u00e0 RECER. Ces liens sont fournis de bonne foi et RECER ne peut \u00eatre tenu responsable de la collecte et du traitement des donn\u00e9es personnelles effectu\u00e9s sur ces sites web, ni de l&rsquo;exactitude, de la cr\u00e9dibilit\u00e9 et des fonctionnalit\u00e9s des sites web appartenant \u00e0 des tiers. <\/p>\n\n<p>Par cons\u00e9quent, la fourniture de liens vers d&rsquo;autres sites web ext\u00e9rieurs \u00e0 RECER n&rsquo;implique aucune prise de responsabilit\u00e9 \u00e0 l&rsquo;\u00e9gard de ces sites web et la pr\u00e9sente politique de confidentialit\u00e9 ne s&rsquo;y applique pas. RECER consid\u00e8re qu&rsquo;il est essentiel de lire les politiques de confidentialit\u00e9 de tous les sites web que vous visitez. <\/p>\n\n<h3 class=\"wp-block-heading\">Qu&rsquo;est-ce qu&rsquo;une donn\u00e9e \u00e0 caract\u00e8re personnel ?<\/h3>\n\n<p>Par donn\u00e9es \u00e0 caract\u00e8re personnel, nous entendons toute information de quelque nature que ce soit et quel que soit son support, y compris le son et l&rsquo;image, se rapportant \u00e0 une personne physique identifi\u00e9e ou identifiable.<\/p>\n\n<p>Une personne identifiable est une personne qui peut \u00eatre identifi\u00e9e directement ou indirectement, notamment par r\u00e9f\u00e9rence \u00e0 un num\u00e9ro d&rsquo;identification ou \u00e0 un ou plusieurs \u00e9l\u00e9ments sp\u00e9cifiques propres \u00e0 son identit\u00e9 physique, physiologique, psychique, \u00e9conomique, culturelle ou sociale.<\/p>\n\n<h3 class=\"wp-block-heading\">Qui est le responsable du traitement des donn\u00e9es ?<\/h3>\n\n<p>L&rsquo;entit\u00e9 responsable de la collecte et du traitement des donn\u00e9es personnelles est RECER, qui vous fournit le service et qui, dans ce contexte, d\u00e9cide des donn\u00e9es collect\u00e9es, des moyens de traitement des donn\u00e9es et des fins auxquelles elles sont utilis\u00e9es. Si vous avez des questions concernant la protection des donn\u00e9es et la pr\u00e9sente politique, vous pouvez contacter RECER \u00e0 l&rsquo;adresse recer@recer.pt. <\/p>\n\n<h3 class=\"wp-block-heading\">Quel type de donn\u00e9es personnelles recueillons-nous ?<\/h3>\n\n<p>Dans le cadre de son activit\u00e9, RECER collecte et traite les donn\u00e9es personnelles n\u00e9cessaires pour fournir des services et\/ou des produits, en traitant des donn\u00e9es telles que votre nom, votre adresse, votre date de naissance, votre sexe, votre adresse \u00e9lectronique, vos dipl\u00f4mes, votre num\u00e9ro d&rsquo;identification fiscale, entre autres. Ces informations peuvent vous \u00eatre demand\u00e9es lorsque vous vous inscrivez ou remplissez des formulaires de contact sur nos sites web, que ce soit en tant qu&#8217;employ\u00e9, demandeur d&#8217;emploi, stagiaire, formateur, fournisseur, visiteur, partenaire, entre autres, ou lorsque vous recevez ou envoyez des courriers \u00e9lectroniques, ou pour des services qui n\u00e9cessitent une inscription ou un abonnement. Toutes les informations personnelles relatives \u00e0 ces parties prenantes et aux autres personnes qui utilisent les sites web de RECER seront trait\u00e9es conform\u00e9ment \u00e0 la loi sur la protection des donn\u00e9es personnelles (GDPR).  <\/p>\n\n<h3 class=\"wp-block-heading\">Quand et comment recueillons-nous vos donn\u00e9es ?<\/h3>\n\n<p>RECER collecte vos donn\u00e9es par t\u00e9l\u00e9phone, par \u00e9crit ou via son site web, sous r\u00e9serve de votre consentement. En r\u00e8gle g\u00e9n\u00e9rale, les donn\u00e9es personnelles sont collect\u00e9es lorsque vous souscrivez \u00e0 l&rsquo;un de nos produits ou services. <\/p>\n\n<p>Certaines donn\u00e9es personnelles doivent \u00eatre fournies et, en cas d&rsquo;absence ou d&rsquo;insuffisance de ces donn\u00e9es, RECER ne sera pas en mesure de fournir le produit ou le service en question, de sorte que l&rsquo;entreprise informera les utilisateurs du caract\u00e8re obligatoire de la fourniture des donn\u00e9es.<\/p>\n\n<p>Si vous n&rsquo;\u00eates pas un client RECER, vos donn\u00e9es ne seront trait\u00e9es que si vous les mettez \u00e0 la disposition de la soci\u00e9t\u00e9, notamment en vous abonnant aux bulletins d&rsquo;information ou en vous inscrivant sur notre site web, auquel cas les r\u00e8gles de la pr\u00e9sente politique de confidentialit\u00e9 s&rsquo;appliqueront.<\/p>\n\n<p>Les donn\u00e9es personnelles collect\u00e9es sont trait\u00e9es \u00e9lectroniquement et dans le strict respect de la l\u00e9gislation sur la protection des donn\u00e9es personnelles. Elles sont stock\u00e9es dans une base de donn\u00e9es sp\u00e9cifique cr\u00e9\u00e9e \u00e0 cet effet et, en aucun cas, les donn\u00e9es collect\u00e9es ne seront utilis\u00e9es \u00e0 d&rsquo;autres fins que celles pour lesquelles la personne concern\u00e9e a donn\u00e9 son consentement.<\/p>\n\n<h3 class=\"wp-block-heading\">Combien de temps conservons-nous vos donn\u00e9es personnelles ?<\/h3>\n\n<p>La dur\u00e9e de stockage et de conservation des donn\u00e9es varie en fonction de la finalit\u00e9 du traitement des informations. En fait, il existe des exigences l\u00e9gales qui obligent \u00e0 conserver les donn\u00e9es pendant une p\u00e9riode minimale. Par cons\u00e9quent, en l&rsquo;absence d&rsquo;obligation l\u00e9gale sp\u00e9cifique, les donn\u00e9es ne seront stock\u00e9es et conserv\u00e9es que pendant la p\u00e9riode minimale n\u00e9cessaire aux fins pour lesquelles elles ont \u00e9t\u00e9 collect\u00e9es ou trait\u00e9es ult\u00e9rieurement, ou pendant la p\u00e9riode autoris\u00e9e par la Commission nationale de protection des donn\u00e9es, apr\u00e8s quoi elles seront supprim\u00e9es.  <\/p>\n\n<h3 class=\"wp-block-heading\">Comment pouvez-vous acc\u00e9der, rectifier ou vous opposer au traitement de vos donn\u00e9es personnelles ?<\/h3>\n\n<p>En vertu de la loi sur la protection des donn\u00e9es personnelles, la personne concern\u00e9e se voit garantir un droit d&rsquo;acc\u00e8s, de mise \u00e0 jour, de rectification ou de suppression de ses donn\u00e9es personnelles, qu&rsquo;elle peut exercer par l&rsquo;interm\u00e9diaire des diff\u00e9rents contacts que RECER met \u00e0 sa disposition.<\/p>\n\n<p>Si vous le souhaitez, vous pouvez annuler votre inscription ou votre utilisation \u00e0 tout moment et vous pouvez choisir de ne pas recevoir de courrier \u00e9lectronique, et vous pouvez \u00e9galement choisir de supprimer toutes vos informations personnelles de notre base de donn\u00e9es.<\/p>\n\n<p>La personne concern\u00e9e a \u00e9galement le droit de recevoir une copie des informations personnelles que nous d\u00e9tenons \u00e0 son sujet. RECER se r\u00e9serve le droit de facturer une somme modique pour couvrir les frais administratifs et informatiques li\u00e9s \u00e0 toute demande. Si vous \u00eates un utilisateur de nos sites web par le biais du processus d&rsquo;enregistrement des utilisateurs, vos donn\u00e9es seront stock\u00e9es dans une base de donn\u00e9es sp\u00e9cifique de contr\u00f4le des utilisateurs. Toutefois, la personne concern\u00e9e peut demander leur suppression \u00e0 tout moment en \u00e9crivant \u00e0 notre adresse officielle sur le site web.   <\/p>\n\n<h3 class=\"wp-block-heading\">Comment assurons-nous la s\u00e9curit\u00e9 de vos donn\u00e9es ?<\/h3>\n\n<ul class=\"wp-block-list\">\n<li>Acc\u00e8s personnel limit\u00e9 \u00e0 vos donn\u00e9es personnelles sur la base du \u00ab\u00a0besoin de savoir\u00a0\u00bb et uniquement dans le cadre des objectifs communiqu\u00e9s ;<\/li>\n\n\n\n<li>Transfert des donn\u00e9es collect\u00e9es uniquement sous forme crypt\u00e9e ; Stockage de donn\u00e9es hautement confidentielles ;<\/li>\n\n\n\n<li>la protection des syst\u00e8mes informatiques par des pare-feu afin d&#8217;emp\u00eacher tout acc\u00e8s non autoris\u00e9 \u00e0 vos donn\u00e9es \u00e0 caract\u00e8re personnel ; et<\/li>\n\n\n\n<li>Contr\u00f4le permanent de l&rsquo;acc\u00e8s aux syst\u00e8mes informatiques en vue de pr\u00e9venir, de d\u00e9tecter et de faire cesser l&rsquo;utilisation abusive de vos donn\u00e9es \u00e0 caract\u00e8re personnel.<\/li>\n<\/ul>\n\n<h3 class=\"wp-block-heading\">Comment pouvez-vous vous opposer \u00e0 la r\u00e9ception de contacts \u00e0 des fins de marketing ?<\/h3>\n\n<p>RECER peut annoncer de nouveaux produits ou services \u00e0 ses clients par t\u00e9l\u00e9phone, e-mail, SMS, MMS ou tout autre service de communication \u00e9lectronique, sauf si le client s&rsquo;y est oppos\u00e9 au moment de la collecte des donn\u00e9es.<\/p>\n\n<p>Si vous ne souhaitez pas recevoir ces communications, vous pouvez vous opposer \u00e0 tout moment \u00e0 l&rsquo;utilisation de vos donn\u00e9es \u00e0 des fins de marketing, pour l&rsquo;envoi de communications informatives ou pour l&rsquo;inclusion dans des listes ou des services d&rsquo;information.<\/p>\n\n<h3 class=\"wp-block-heading\">Quelles sont les mesures prises par RECER pour assurer la s\u00e9curit\u00e9 de vos donn\u00e9es personnelles ?<\/h3>\n\n<p>RECER s&rsquo;engage \u00e0 garantir la protection de la s\u00e9curit\u00e9 des donn\u00e9es personnelles mises \u00e0 sa disposition et a approuv\u00e9 et mis en \u0153uvre des r\u00e8gles strictes \u00e0 cet \u00e9gard. Le respect de ces r\u00e8gles est une obligation incontournable pour tous ceux qui y ont l\u00e9galement acc\u00e8s. <\/p>\n\n<p>Compte tenu de la grande pr\u00e9occupation et de l&rsquo;engagement de RECER en mati\u00e8re de protection de la vie priv\u00e9e, un certain nombre de mesures de s\u00e9curit\u00e9 techniques et organisationnelles ont \u00e9t\u00e9 adopt\u00e9es pour prot\u00e9ger les donn\u00e9es personnelles qui nous sont fournies contre la divulgation, la perte, l&rsquo;utilisation abusive, l&rsquo;alt\u00e9ration, le traitement ou l&rsquo;acc\u00e8s non autoris\u00e9s, ainsi que contre toute autre forme de traitement ill\u00e9gal. \u00c0 cette fin, les formulaires de collecte de donn\u00e9es personnelles requi\u00e8rent des sessions de navigation crypt\u00e9es et toutes les donn\u00e9es personnelles que vous nous fournissez \u00e0 votre sujet sont stock\u00e9es en toute s\u00e9curit\u00e9 dans les syst\u00e8mes de RECER. <\/p>\n\n<p>Malgr\u00e9 les mesures de s\u00e9curit\u00e9 adopt\u00e9es par RECER, nous sommes oblig\u00e9s d&rsquo;avertir tous ceux qui surfent sur Internet qu&rsquo;ils doivent adopter des mesures de s\u00e9curit\u00e9 suppl\u00e9mentaires, \u00e0 savoir s&rsquo;assurer qu&rsquo;ils utilisent un PC et un navigateur \u00e0 jour en termes de correctifs de s\u00e9curit\u00e9, correctement configur\u00e9s, avec un pare-feu actif, un anti-virus et un anti-spyware, et qu&rsquo;ils v\u00e9rifient l&rsquo;authenticit\u00e9 des sites qu&rsquo;ils visitent sur Internet, en \u00e9vitant les sites dont la r\u00e9putation n&rsquo;est pas digne de confiance.<\/p>\n\n<h3 class=\"wp-block-heading\">Comment utilisons-nous les cookies ?<\/h3>\n\n<p>Les \u00ab\u00a0cookies\u00a0\u00bb sont de petites balises logicielles qui sont stock\u00e9es sur votre ordinateur via votre navigateur et qui ne retiennent que les informations relatives \u00e0 vos pr\u00e9f\u00e9rences et n&rsquo;incluent donc pas vos donn\u00e9es personnelles.<\/p>\n\n<p>Pour en savoir plus sur les cookies et la mani\u00e8re dont RECER les utilise sur son site web, consultez le document suivant sur les cookies.<\/p>\n\n<p><a href=\"https:\/\/www.recer.pt\/pt\/politica-de-cookies-\/\" target=\"_blank\" rel=\"noreferrer noopener\">VOIR LA POLITIQUE EN MATI\u00c8RE DE COOKIES<\/a><\/p>\n\n<p>Comment pouvez-vous \u00eatre inform\u00e9 des modifications apport\u00e9es \u00e0 la politique de confidentialit\u00e9 de RECER ?<\/p>\n\n<p>RECER se r\u00e9serve le droit d&rsquo;apporter des ajustements ou des modifications \u00e0 cette politique de confidentialit\u00e9 \u00e0 tout moment, et ces modifications seront d\u00fbment publi\u00e9es sur son site web.<\/p>\n\n<p>Derni\u00e8re mise \u00e0 jour le 01 janvier 2025.<\/p>\n","protected":false},"excerpt":{"rendered":"<p>Chez RECER, nous prenons tr\u00e8s au s\u00e9rieux la protection de la vie priv\u00e9e de nos clients et utilisateurs, en respectant la l\u00e9gislation europ\u00e9enne en vigueur en mati\u00e8re de traitement des donn\u00e9es personnelles et de protection de la vie priv\u00e9e. C&rsquo;est pourquoi nous adoptons les meilleures pratiques pour prot\u00e9ger les donn\u00e9es des utilisateurs d&rsquo;un \u00e9ventuel acc\u00e8s [&hellip;]<\/p>\n","protected":false},"author":1,"featured_media":0,"parent":0,"menu_order":0,"comment_status":"closed","ping_status":"closed","template":"","meta":{"footnotes":""},"class_list":["post-32210","page","type-page","status-publish","hentry"],"acf":[],"yoast_head":"<!-- This site is optimized with the Yoast SEO plugin v27.4 - https:\/\/yoast.com\/product\/yoast-seo-wordpress\/ -->\n<title>Politique de confidentialit\u00e9 - Recer<\/title>\n<meta name=\"robots\" content=\"index, follow, max-snippet:-1, max-image-preview:large, max-video-preview:-1\" \/>\n<link rel=\"canonical\" href=\"https:\/\/dev.recer.pt\/fr\/politique-de-confidentialite\/\" \/>\n<meta property=\"og:locale\" content=\"fr_FR\" \/>\n<meta property=\"og:type\" content=\"article\" \/>\n<meta property=\"og:title\" content=\"Politique de confidentialit\u00e9 - Recer\" \/>\n<meta property=\"og:description\" content=\"Chez RECER, nous prenons tr\u00e8s au s\u00e9rieux la protection de la vie priv\u00e9e de nos clients et utilisateurs, en respectant la l\u00e9gislation europ\u00e9enne en vigueur en mati\u00e8re de traitement des donn\u00e9es personnelles et de protection de la vie priv\u00e9e. C&rsquo;est pourquoi nous adoptons les meilleures pratiques pour prot\u00e9ger les donn\u00e9es des utilisateurs d&rsquo;un \u00e9ventuel acc\u00e8s [&hellip;]\" \/>\n<meta property=\"og:url\" content=\"https:\/\/dev.recer.pt\/fr\/politique-de-confidentialite\/\" \/>\n<meta property=\"og:site_name\" content=\"Recer\" \/>\n<meta property=\"article:publisher\" content=\"https:\/\/www.facebook.com\/recerceramics\" \/>\n<meta property=\"article:modified_time\" content=\"2025-01-23T10:54:34+00:00\" \/>\n<meta name=\"twitter:card\" content=\"summary_large_image\" \/>\n<meta name=\"twitter:label1\" content=\"Dur\u00e9e de lecture estim\u00e9e\" \/>\n\t<meta name=\"twitter:data1\" content=\"12 minutes\" \/>\n<script type=\"application\/ld+json\" class=\"yoast-schema-graph\">{\"@context\":\"https:\\\/\\\/schema.org\",\"@graph\":[{\"@type\":\"WebPage\",\"@id\":\"https:\\\/\\\/dev.recer.pt\\\/fr\\\/politique-de-confidentialite\\\/\",\"url\":\"https:\\\/\\\/dev.recer.pt\\\/fr\\\/politique-de-confidentialite\\\/\",\"name\":\"Politique de confidentialit\u00e9 - Recer\",\"isPartOf\":{\"@id\":\"https:\\\/\\\/dev.recer.pt\\\/fr\\\/#website\"},\"datePublished\":\"2024-12-09T09:40:26+00:00\",\"dateModified\":\"2025-01-23T10:54:34+00:00\",\"breadcrumb\":{\"@id\":\"https:\\\/\\\/dev.recer.pt\\\/fr\\\/politique-de-confidentialite\\\/#breadcrumb\"},\"inLanguage\":\"fr-FR\",\"potentialAction\":[{\"@type\":\"ReadAction\",\"target\":[\"https:\\\/\\\/dev.recer.pt\\\/fr\\\/politique-de-confidentialite\\\/\"]}]},{\"@type\":\"BreadcrumbList\",\"@id\":\"https:\\\/\\\/dev.recer.pt\\\/fr\\\/politique-de-confidentialite\\\/#breadcrumb\",\"itemListElement\":[{\"@type\":\"ListItem\",\"position\":1,\"name\":\"Home\",\"item\":\"https:\\\/\\\/dev.recer.pt\\\/fr\\\/\"},{\"@type\":\"ListItem\",\"position\":2,\"name\":\"Politique de confidentialit\u00e9\"}]},{\"@type\":\"WebSite\",\"@id\":\"https:\\\/\\\/dev.recer.pt\\\/fr\\\/#website\",\"url\":\"https:\\\/\\\/dev.recer.pt\\\/fr\\\/\",\"name\":\"Recer\",\"description\":\"\",\"potentialAction\":[{\"@type\":\"SearchAction\",\"target\":{\"@type\":\"EntryPoint\",\"urlTemplate\":\"https:\\\/\\\/dev.recer.pt\\\/fr\\\/?s={search_term_string}\"},\"query-input\":{\"@type\":\"PropertyValueSpecification\",\"valueRequired\":true,\"valueName\":\"search_term_string\"}}],\"inLanguage\":\"fr-FR\"}]}<\/script>\n<!-- \/ Yoast SEO plugin. -->","yoast_head_json":{"title":"Politique de confidentialit\u00e9 - Recer","robots":{"index":"index","follow":"follow","max-snippet":"max-snippet:-1","max-image-preview":"max-image-preview:large","max-video-preview":"max-video-preview:-1"},"canonical":"https:\/\/dev.recer.pt\/fr\/politique-de-confidentialite\/","og_locale":"fr_FR","og_type":"article","og_title":"Politique de confidentialit\u00e9 - Recer","og_description":"Chez RECER, nous prenons tr\u00e8s au s\u00e9rieux la protection de la vie priv\u00e9e de nos clients et utilisateurs, en respectant la l\u00e9gislation europ\u00e9enne en vigueur en mati\u00e8re de traitement des donn\u00e9es personnelles et de protection de la vie priv\u00e9e. C&rsquo;est pourquoi nous adoptons les meilleures pratiques pour prot\u00e9ger les donn\u00e9es des utilisateurs d&rsquo;un \u00e9ventuel acc\u00e8s [&hellip;]","og_url":"https:\/\/dev.recer.pt\/fr\/politique-de-confidentialite\/","og_site_name":"Recer","article_publisher":"https:\/\/www.facebook.com\/recerceramics","article_modified_time":"2025-01-23T10:54:34+00:00","twitter_card":"summary_large_image","twitter_misc":{"Dur\u00e9e de lecture estim\u00e9e":"12 minutes"},"schema":{"@context":"https:\/\/schema.org","@graph":[{"@type":"WebPage","@id":"https:\/\/dev.recer.pt\/fr\/politique-de-confidentialite\/","url":"https:\/\/dev.recer.pt\/fr\/politique-de-confidentialite\/","name":"Politique de confidentialit\u00e9 - Recer","isPartOf":{"@id":"https:\/\/dev.recer.pt\/fr\/#website"},"datePublished":"2024-12-09T09:40:26+00:00","dateModified":"2025-01-23T10:54:34+00:00","breadcrumb":{"@id":"https:\/\/dev.recer.pt\/fr\/politique-de-confidentialite\/#breadcrumb"},"inLanguage":"fr-FR","potentialAction":[{"@type":"ReadAction","target":["https:\/\/dev.recer.pt\/fr\/politique-de-confidentialite\/"]}]},{"@type":"BreadcrumbList","@id":"https:\/\/dev.recer.pt\/fr\/politique-de-confidentialite\/#breadcrumb","itemListElement":[{"@type":"ListItem","position":1,"name":"Home","item":"https:\/\/dev.recer.pt\/fr\/"},{"@type":"ListItem","position":2,"name":"Politique de confidentialit\u00e9"}]},{"@type":"WebSite","@id":"https:\/\/dev.recer.pt\/fr\/#website","url":"https:\/\/dev.recer.pt\/fr\/","name":"Recer","description":"","potentialAction":[{"@type":"SearchAction","target":{"@type":"EntryPoint","urlTemplate":"https:\/\/dev.recer.pt\/fr\/?s={search_term_string}"},"query-input":{"@type":"PropertyValueSpecification","valueRequired":true,"valueName":"search_term_string"}}],"inLanguage":"fr-FR"}]}},"_links":{"self":[{"href":"https:\/\/dev.recer.pt\/fr\/wp-json\/wp\/v2\/pages\/32210","targetHints":{"allow":["GET"]}}],"collection":[{"href":"https:\/\/dev.recer.pt\/fr\/wp-json\/wp\/v2\/pages"}],"about":[{"href":"https:\/\/dev.recer.pt\/fr\/wp-json\/wp\/v2\/types\/page"}],"author":[{"embeddable":true,"href":"https:\/\/dev.recer.pt\/fr\/wp-json\/wp\/v2\/users\/1"}],"replies":[{"embeddable":true,"href":"https:\/\/dev.recer.pt\/fr\/wp-json\/wp\/v2\/comments?post=32210"}],"version-history":[{"count":1,"href":"https:\/\/dev.recer.pt\/fr\/wp-json\/wp\/v2\/pages\/32210\/revisions"}],"predecessor-version":[{"id":32211,"href":"https:\/\/dev.recer.pt\/fr\/wp-json\/wp\/v2\/pages\/32210\/revisions\/32211"}],"wp:attachment":[{"href":"https:\/\/dev.recer.pt\/fr\/wp-json\/wp\/v2\/media?parent=32210"}],"curies":[{"name":"wp","href":"https:\/\/api.w.org\/{rel}","templated":true}]}}