{"id":52021,"date":"2025-05-05T08:24:49","date_gmt":"2025-05-05T08:24:49","guid":{"rendered":"https:\/\/dev.recer.pt\/checkout\/"},"modified":"2026-02-19T15:46:17","modified_gmt":"2026-02-19T15:46:17","slug":"checkout","status":"publish","type":"page","link":"https:\/\/dev.recer.pt\/en\/checkout\/","title":{"rendered":"Checkout"},"content":{"rendered":"<p><!--\n\n<div id=\"architect-info-notice\" class=\"architect-notice wc-block-store-notice wc-block-components-notice-banner is-info is-dismissible\">\n    <svg xmlns=\"http:\/\/www.w3.org\/2000\/svg\" viewBox=\"0 0 24 24\" width=\"24\" height=\"24\" aria-hidden=\"true\" focusable=\"false\">\n        <path d=\"M12 3.2c-4.8 0-8.8 3.9-8.8 8.8 0 4.8 3.9 8.8 8.8 8.8 4.8 0 8.8-3.9 8.8-8.8 0-4.8-4-8.8-8.8-8.8zm0 16c-4 0-7.2-3.3-7.2-7.2C4.8 8 8 4.8 12 4.8s7.2 3.3 7.2 7.2c0 4-3.2 7.2-7.2 7.2zM11 17h2v-6h-2v6zm0-8h2V7h-2v2z\"><\/path>\n    <\/svg>\n    \n\n<div class=\"wc-block-components-notice-banner__content\">\n        \n\n<div>Os pedidos realizados entre 23 de dezembro e 1 de janeiro poder\u00e3o ser entregues com atraso devido ao per\u00edodo festivo.<\/div>\n\n    <\/div>\n\n<br \/>    <button id=\"dismiss-architect-notice\" class=\"wc-block-components-button wp-element-button wc-block-components-notice-banner__dismiss contained\" aria-label=\"Ignorar este aviso\" type=\"button\">\n        <svg xmlns=\"http:\/\/www.w3.org\/2000\/svg\" viewBox=\"0 0 24 24\" width=\"24\" height=\"24\" aria-hidden=\"true\" focusable=\"false\">\n            <path d=\"M13 11.8l6.1-6.3-1-1-6.1 6.2-6.1-6.2-1 1 6.1 6.3-6.5 6.7 1 1 6.5-6.6 6.5 6.6 1-1z\"><\/path>\n        <\/svg>\n    <\/button><\/div>\n\n<br \/>--><\/p>\n<div id=\"architect-info-notice\" class=\"architect-notice wc-block-store-notice wc-block-components-notice-banner is-info is-dismissible\">\n    <svg xmlns=\"http:\/\/www.w3.org\/2000\/svg\" viewBox=\"0 0 24 24\" width=\"24\" height=\"24\" aria-hidden=\"true\" focusable=\"false\">\n        <path d=\"M12 3.2c-4.8 0-8.8 3.9-8.8 8.8 0 4.8 3.9 8.8 8.8 8.8 4.8 0 8.8-3.9 8.8-8.8 0-4.8-4-8.8-8.8-8.8zm0 16c-4 0-7.2-3.3-7.2-7.2C4.8 8 8 4.8 12 4.8s7.2 3.3 7.2 7.2c0 4-3.2 7.2-7.2 7.2zM11 17h2v-6h-2v6zm0-8h2V7h-2v2z\"><\/path>\n    <\/svg><\/p>\n<div class=\"wc-block-components-notice-banner__content\">\n<div>\u00c9 profissional do setor? Saiba <u><a href=\"https:\/\/dev.recer.pt\/en\/free-tile-samples-for-professionals\/\" target=\"_blank\">aqui<\/a><\/u> como aceder a condi\u00e7\u00f5es exclusivas.<\/div>\n<p>    <\/div>\n<p>    <button id=\"dismiss-architect-notice\" class=\"wc-block-components-button wp-element-button wc-block-components-notice-banner__dismiss contained\" aria-label=\"Ignorar este aviso\" type=\"button\"><br \/>\n        <svg xmlns=\"http:\/\/www.w3.org\/2000\/svg\" viewBox=\"0 0 24 24\" width=\"24\" height=\"24\" aria-hidden=\"true\" focusable=\"false\">\n            <path d=\"M13 11.8l6.1-6.3-1-1-6.1 6.2-6.1-6.2-1 1 6.1 6.3-6.5 6.7 1 1 6.5-6.6 6.5 6.6 1-1z\"><\/path>\n        <\/svg><br \/>\n    <\/button><\/div>\n<p><script>\n(function() {\n    document.addEventListener('DOMContentLoaded', function() {\n        const dismissButton = document.getElementById('dismiss-architect-notice');\n        const noticeElement = document.getElementById('architect-info-notice');<\/p>\n<p>        if (dismissButton && noticeElement) {\n            \/\/ Check if previously dismissed\n            if (sessionStorage.getItem('architect-notice-dismissed') === 'true') {\n                noticeElement.style.display = 'none';\n            }<\/p>\n<p>            \/\/ Set up dismiss functionality\n            dismissButton.addEventListener('click', function() {\n                noticeElement.style.display = 'none';\n                sessionStorage.setItem('architect-notice-dismissed', 'true');\n            });\n        }\n    });\n})();\n<\/script><\/p>\n\n<div data-block-name=\"woocommerce\/checkout\" data-translated-with-w-p-m-l-t-m=\"1\" class=\"wp-block-woocommerce-checkout alignwide wc-block-checkout is-loading\">\n<div data-block-name=\"woocommerce\/checkout-fields-block\" data-translated-with-w-p-m-l-t-m=\"1\" class=\"wp-block-woocommerce-checkout-fields-block\">\n<div data-block-name=\"woocommerce\/checkout-express-payment-block\" class=\"wp-block-woocommerce-checkout-express-payment-block\"><\/div>\n\n\n\n<div data-block-name=\"woocommerce\/checkout-contact-information-block\" data-translated-with-w-p-m-l-t-m=\"1\" class=\"wp-block-woocommerce-checkout-contact-information-block\">\n<div data-block-name=\"woocommerce\/mailchimp-newsletter-subscription\" class=\"wp-block-woocommerce-mailchimp-newsletter-subscription\"><\/div>\n<\/div>\n\n\n\n<div data-block-name=\"woocommerce\/checkout-shipping-method-block\" data-translated-with-w-p-m-l-t-m=\"1\" class=\"wp-block-woocommerce-checkout-shipping-method-block\"><\/div><br>\n\n\n\n<div data-block-name=\"woocommerce\/checkout-pickup-options-block\" data-translated-with-w-p-m-l-t-m=\"1\" class=\"wp-block-woocommerce-checkout-pickup-options-block\"><\/div><br>\n\n\n\n<div data-block-name=\"woocommerce\/checkout-shipping-address-block\" data-translated-with-w-p-m-l-t-m=\"1\" class=\"wp-block-woocommerce-checkout-shipping-address-block\"><\/div><br>\n\n\n\n<div data-block-name=\"woocommerce\/checkout-billing-address-block\" data-translated-with-w-p-m-l-t-m=\"1\" class=\"wp-block-woocommerce-checkout-billing-address-block\"><\/div><br>\n\n\n\n<div data-block-name=\"woocommerce\/ptwoo-nif\" data-translated-with-w-p-m-l-t-m=\"1\" class=\"wp-block-woocommerce-ptwoo-nif\"><\/div><br>\n\n\n\n<div data-block-name=\"woocommerce\/checkout-shipping-methods-block\" data-translated-with-w-p-m-l-t-m=\"1\" class=\"wp-block-woocommerce-checkout-shipping-methods-block\"><\/div><br>\n\n\n\n<div data-block-name=\"woocommerce\/checkout-payment-block\" data-translated-with-w-p-m-l-t-m=\"1\" class=\"wp-block-woocommerce-checkout-payment-block\"><\/div><br>\n\n\n\n<div data-block-name=\"woocommerce\/checkout-additional-information-block\" data-translated-with-w-p-m-l-t-m=\"1\" class=\"wp-block-woocommerce-checkout-additional-information-block\"><\/div><br>\n\n\n\n<div data-block-name=\"woocommerce\/checkout-order-note-block\" data-translated-with-w-p-m-l-t-m=\"1\" class=\"wp-block-woocommerce-checkout-order-note-block\"><\/div><br>\n\n\n\n<div data-block-name=\"woocommerce\/checkout-terms-block\" data-translated-with-w-p-m-l-t-m=\"1\" class=\"wp-block-woocommerce-checkout-terms-block\"><\/div><br>\n\n\n\n<div data-block-name=\"woocommerce\/checkout-actions-block\" data-translated-with-w-p-m-l-t-m=\"1\" class=\"wp-block-woocommerce-checkout-actions-block\"><\/div><br>\n<\/div>\n\n\n\n<div data-block-name=\"woocommerce\/checkout-totals-block\" data-translated-with-w-p-m-l-t-m=\"1\" class=\"wp-block-woocommerce-checkout-totals-block\">\n<div data-block-name=\"woocommerce\/checkout-order-summary-block\" data-translated-with-w-p-m-l-t-m=\"1\" class=\"wp-block-woocommerce-checkout-order-summary-block\">\n<div data-block-name=\"woocommerce\/checkout-order-summary-cart-items-block\" data-translated-with-w-p-m-l-t-m=\"1\" class=\"wp-block-woocommerce-checkout-order-summary-cart-items-block\"><\/div><br>\n\n\n\n<div data-block-name=\"woocommerce\/checkout-order-summary-coupon-form-block\" data-translated-with-w-p-m-l-t-m=\"1\" class=\"wp-block-woocommerce-checkout-order-summary-coupon-form-block\"><\/div><br>\n\n\n\n<div data-block-name=\"woocommerce\/checkout-order-summary-totals-block\" data-translated-with-w-p-m-l-t-m=\"1\" class=\"wp-block-woocommerce-checkout-order-summary-totals-block\">\n<div data-block-name=\"woocommerce\/checkout-order-summary-subtotal-block\" data-translated-with-w-p-m-l-t-m=\"1\" class=\"wp-block-woocommerce-checkout-order-summary-subtotal-block\"><\/div><br>\n\n\n\n<div data-block-name=\"woocommerce\/checkout-order-summary-fee-block\" data-translated-with-w-p-m-l-t-m=\"1\" class=\"wp-block-woocommerce-checkout-order-summary-fee-block\"><\/div><br>\n\n\n\n<div data-block-name=\"woocommerce\/checkout-order-summary-discount-block\" data-translated-with-w-p-m-l-t-m=\"1\" class=\"wp-block-woocommerce-checkout-order-summary-discount-block\"><\/div><br>\n\n\n\n<div data-block-name=\"woocommerce\/checkout-order-summary-shipping-block\" data-translated-with-w-p-m-l-t-m=\"1\" class=\"wp-block-woocommerce-checkout-order-summary-shipping-block\"><\/div><br>\n\n\n\n<div data-block-name=\"woocommerce\/checkout-order-summary-taxes-block\" data-translated-with-w-p-m-l-t-m=\"1\" class=\"wp-block-woocommerce-checkout-order-summary-taxes-block\"><\/div><br>\n<\/div>\n<\/div>\n<\/div>\n<\/div>\n","protected":false},"excerpt":{"rendered":"<p>\u00c9 profissional do setor? Saiba aqui como aceder a condi\u00e7\u00f5es exclusivas.<\/p>\n","protected":false},"author":1,"featured_media":0,"parent":0,"menu_order":0,"comment_status":"closed","ping_status":"closed","template":"","meta":{"footnotes":""},"class_list":["post-52021","page","type-page","status-publish","hentry"],"acf":[],"yoast_head":"<!-- This site is optimized with the Yoast SEO plugin v27.4 - https:\/\/yoast.com\/product\/yoast-seo-wordpress\/ -->\n<title>Checkout - Recer<\/title>\n<meta name=\"robots\" content=\"index, follow, max-snippet:-1, max-image-preview:large, max-video-preview:-1\" \/>\n<link rel=\"canonical\" href=\"https:\/\/dev.recer.pt\/en\/checkout\/\" \/>\n<meta property=\"og:locale\" content=\"en_US\" \/>\n<meta property=\"og:type\" content=\"article\" \/>\n<meta property=\"og:title\" content=\"Checkout - Recer\" \/>\n<meta property=\"og:description\" content=\"\u00c9 profissional do setor? Saiba aqui como aceder a condi\u00e7\u00f5es exclusivas.\" \/>\n<meta property=\"og:url\" content=\"https:\/\/dev.recer.pt\/en\/checkout\/\" \/>\n<meta property=\"og:site_name\" content=\"Recer\" \/>\n<meta property=\"article:publisher\" content=\"https:\/\/www.facebook.com\/recerceramics\" \/>\n<meta property=\"article:modified_time\" content=\"2026-02-19T15:46:17+00:00\" \/>\n<meta name=\"twitter:card\" content=\"summary_large_image\" \/>\n<script type=\"application\/ld+json\" class=\"yoast-schema-graph\">{\"@context\":\"https:\\\/\\\/schema.org\",\"@graph\":[{\"@type\":\"WebPage\",\"@id\":\"https:\\\/\\\/dev.recer.pt\\\/en\\\/checkout\\\/\",\"url\":\"https:\\\/\\\/dev.recer.pt\\\/en\\\/checkout\\\/\",\"name\":\"Checkout - Recer\",\"isPartOf\":{\"@id\":\"https:\\\/\\\/dev.recer.pt\\\/en\\\/#website\"},\"datePublished\":\"2025-05-05T08:24:49+00:00\",\"dateModified\":\"2026-02-19T15:46:17+00:00\",\"breadcrumb\":{\"@id\":\"https:\\\/\\\/dev.recer.pt\\\/en\\\/checkout\\\/#breadcrumb\"},\"inLanguage\":\"en-US\",\"potentialAction\":[{\"@type\":\"ReadAction\",\"target\":[\"https:\\\/\\\/dev.recer.pt\\\/en\\\/checkout\\\/\"]}]},{\"@type\":\"BreadcrumbList\",\"@id\":\"https:\\\/\\\/dev.recer.pt\\\/en\\\/checkout\\\/#breadcrumb\",\"itemListElement\":[{\"@type\":\"ListItem\",\"position\":1,\"name\":\"Home\",\"item\":\"https:\\\/\\\/dev.recer.pt\\\/en\\\/\"},{\"@type\":\"ListItem\",\"position\":2,\"name\":\"Checkout\"}]},{\"@type\":\"WebSite\",\"@id\":\"https:\\\/\\\/dev.recer.pt\\\/en\\\/#website\",\"url\":\"https:\\\/\\\/dev.recer.pt\\\/en\\\/\",\"name\":\"Recer\",\"description\":\"\",\"potentialAction\":[{\"@type\":\"SearchAction\",\"target\":{\"@type\":\"EntryPoint\",\"urlTemplate\":\"https:\\\/\\\/dev.recer.pt\\\/en\\\/?s={search_term_string}\"},\"query-input\":{\"@type\":\"PropertyValueSpecification\",\"valueRequired\":true,\"valueName\":\"search_term_string\"}}],\"inLanguage\":\"en-US\"}]}<\/script>\n<!-- \/ Yoast SEO plugin. -->","yoast_head_json":{"title":"Checkout - Recer","robots":{"index":"index","follow":"follow","max-snippet":"max-snippet:-1","max-image-preview":"max-image-preview:large","max-video-preview":"max-video-preview:-1"},"canonical":"https:\/\/dev.recer.pt\/en\/checkout\/","og_locale":"en_US","og_type":"article","og_title":"Checkout - Recer","og_description":"\u00c9 profissional do setor? Saiba aqui como aceder a condi\u00e7\u00f5es exclusivas.","og_url":"https:\/\/dev.recer.pt\/en\/checkout\/","og_site_name":"Recer","article_publisher":"https:\/\/www.facebook.com\/recerceramics","article_modified_time":"2026-02-19T15:46:17+00:00","twitter_card":"summary_large_image","schema":{"@context":"https:\/\/schema.org","@graph":[{"@type":"WebPage","@id":"https:\/\/dev.recer.pt\/en\/checkout\/","url":"https:\/\/dev.recer.pt\/en\/checkout\/","name":"Checkout - Recer","isPartOf":{"@id":"https:\/\/dev.recer.pt\/en\/#website"},"datePublished":"2025-05-05T08:24:49+00:00","dateModified":"2026-02-19T15:46:17+00:00","breadcrumb":{"@id":"https:\/\/dev.recer.pt\/en\/checkout\/#breadcrumb"},"inLanguage":"en-US","potentialAction":[{"@type":"ReadAction","target":["https:\/\/dev.recer.pt\/en\/checkout\/"]}]},{"@type":"BreadcrumbList","@id":"https:\/\/dev.recer.pt\/en\/checkout\/#breadcrumb","itemListElement":[{"@type":"ListItem","position":1,"name":"Home","item":"https:\/\/dev.recer.pt\/en\/"},{"@type":"ListItem","position":2,"name":"Checkout"}]},{"@type":"WebSite","@id":"https:\/\/dev.recer.pt\/en\/#website","url":"https:\/\/dev.recer.pt\/en\/","name":"Recer","description":"","potentialAction":[{"@type":"SearchAction","target":{"@type":"EntryPoint","urlTemplate":"https:\/\/dev.recer.pt\/en\/?s={search_term_string}"},"query-input":{"@type":"PropertyValueSpecification","valueRequired":true,"valueName":"search_term_string"}}],"inLanguage":"en-US"}]}},"_links":{"self":[{"href":"https:\/\/dev.recer.pt\/en\/wp-json\/wp\/v2\/pages\/52021","targetHints":{"allow":["GET"]}}],"collection":[{"href":"https:\/\/dev.recer.pt\/en\/wp-json\/wp\/v2\/pages"}],"about":[{"href":"https:\/\/dev.recer.pt\/en\/wp-json\/wp\/v2\/types\/page"}],"author":[{"embeddable":true,"href":"https:\/\/dev.recer.pt\/en\/wp-json\/wp\/v2\/users\/1"}],"replies":[{"embeddable":true,"href":"https:\/\/dev.recer.pt\/en\/wp-json\/wp\/v2\/comments?post=52021"}],"version-history":[{"count":4,"href":"https:\/\/dev.recer.pt\/en\/wp-json\/wp\/v2\/pages\/52021\/revisions"}],"predecessor-version":[{"id":52037,"href":"https:\/\/dev.recer.pt\/en\/wp-json\/wp\/v2\/pages\/52021\/revisions\/52037"}],"wp:attachment":[{"href":"https:\/\/dev.recer.pt\/en\/wp-json\/wp\/v2\/media?parent=52021"}],"curies":[{"name":"wp","href":"https:\/\/api.w.org\/{rel}","templated":true}]}}