{"id":32777,"date":"2024-12-09T09:41:31","date_gmt":"2024-12-09T09:41:31","guid":{"rendered":"https:\/\/dev.recer.pt\/cookie-politik\/"},"modified":"2025-02-18T22:02:47","modified_gmt":"2025-02-18T22:02:47","slug":"cookie-politik","status":"publish","type":"page","link":"https:\/\/dev.recer.pt\/de\/cookie-politik\/","title":{"rendered":"Cookie-Politik"},"content":{"rendered":"\n<h3 class=\"wp-block-heading\">Was sind Cookies?<\/h3>\n\n<p>\u201cCookies\u201d sind kleine Softwareetiketten, die durch den Browser auf Ihrem Computer gespeichert werden und sich nur Informationen merken, die mit ihren Pr\u00e4ferenzen zu tun haben und als solche Ihre pers\u00f6nlichen Daten nicht beinhalten.<\/p>\n\n<h3 class=\"wp-block-heading\">Wozu dienen Cookies?<\/h3>\n\n<p>Cookies helfen dabei, Nutzen, Interesse und Anzahl der Aufrufe der Websites festzustellen und auf diese Weise ein schnelleres und effizienteres Navigieren zu erm\u00f6glichen und die wiederholte Eingabe der gleichen Informationen \u00fcberfl\u00fcssig zu machen.<\/p>\n\n<h3 class=\"wp-block-heading\">Welche Arten von Cookies verwenden wir?<\/h3>\n\n<p>Es gibt zwei Arten von Cookies, die verwendet werden k\u00f6nnen:<\/p>\n\n<p><strong>Permanente cookies:<\/strong> das sind Cookies, die auf Browserebene auf Ihren Zugangsger\u00e4ten (Computer, Mobiltelefon und Tablet) gespeichert und immer dann verwendet werden, wenn der Benutzer die Website erneut besucht. Im Allgemeinen werden sie verwendet, um die Navigation gem\u00e4\u00df der Interessen des Benutzers zu steuern. Sie erm\u00f6glichen uns eine personalisiertere Dienstleistung. <\/p>\n\n<p><strong>Session-Cookies:<\/strong> diese Cookies sind tempor\u00e4r und bleiben im Cookie-Archiv Ihres Browsers, bis Sie die Webseite verlassen. Die durch diese Cookies erhaltenen Informationen dienen dazu, Datenverkehrsmuster im Internet zu analysieren, und erm\u00f6glichen uns, Probleme zu erkennen und ein besseres Browsererlebnis zu bieten. <\/p>\n\n<h3 class=\"wp-block-heading\">Wof\u00fcr verwenden wir Cookies?<\/h3>\n\n<p><strong>Unbedingt notwendige Cookies<\/strong><\/p>\n\n<p>Dank dieser Cookies navigieren Sie auf unserer Webseite, nutzen deren Applikationen und erhalten Zugang zu den gesch\u00fctzten Bereichen der Webseite. Ohne diese Cookies k\u00f6nnten wir die von Ihnen erfragten Dienste nicht anbieten.  <\/p>\n\n<p><strong>Analytische Cookies<\/strong><\/p>\n\n<p>Sie werden anonym eingesetzt, um statistische Daten zu erstellen und auszuwerten und auf diesem Wege die Funktionst\u00fcchtigkeit der Webseite zu optimieren.<\/p>\n\n<p><strong>Funktionale Cookies<\/strong><\/p>\n\n<p>Diese Cookies speichern die Pr\u00e4ferenzen des Benutzers bei seinem Besuch der Webseite. Auf diese Weise muss die Webseite nicht jedes Mal neu konfiguriert werden, wenn der Benutzer sie besucht.<\/p>\n\n<p><strong>Cookies von Drittanbietern<\/strong><\/p>\n\n<p>Sie messen den Erfolg von Applikationen und die Effizienz der Werbung von Dritten. Sie k\u00f6nnen auch verwendet werden, um ein Widget mit den Daten des Benutzers zu personalisieren. <\/p>\n\n<p><strong>Werbe-Cookies<\/strong><\/p>\n\n<p>Sie richten die Werbung nach den Interessen jedes Benutzers aus, so dass bei Werbekampagnen die Vorlieben der Benutzer ber\u00fccksichtigt werden. Au\u00dferdem begrenzen Sie die Anzahl von Malen, die eine Werbung dem Benutzer angezeigt wird, und helfen, die Effizienz der Werbung sowie des Aufbaus der Webseite zu messen.<\/p>\n\n<p><strong>Nicht identifizierte Cookies<\/strong><\/p>\n\n<p>Dies sind Cookies, die wir zusammen mit den Bereitstellern der Cookies individuell klassifizieren.<\/p>\n\n<h3 class=\"wp-block-heading\">Wie k\u00f6nnen Sie Cookies verwalten?<\/h3>\n\n<p>Alle Browser erlauben, dass der Benutzer Cookies annimmt, ablehnt oder l\u00f6scht, insbesondere durch die Auswahl der betreffenden Browserdefinitionen. Sie k\u00f6nnen Cookies im Men\u00fc \u201eOptionen\u201c oder \u201ePr\u00e4ferenzen\u201c Ihres Browsers konfigurieren. Zu beachten ist jedoch, dass bei einer Deaktivierung von Cookies einige Internetdienstleistungen m\u00f6glicherweise nicht richtig funktionieren, was ein Navigieren auf der Webseite teilweise oder ganz behindern kann. Die Benutzer k\u00f6nnen die Verwendung von Cookies auf dieser Webseite jederzeit deaktivieren, indem sie die Browserkonfigurationen \u00e4ndern, zum Beispiel:   <\/p>\n\n<ul class=\"wp-block-list\">\n<li><a href=\"https:\/\/support.google.com\/chrome\/bin\/answer.py?hl=pt&amp;answer=95647\" target=\"_blank\" rel=\"noreferrer noopener\">Google Chrome<\/a>:<\/li>\n\n\n\n<li><a href=\"https:\/\/windows.microsoft.com\/pt-pt\/windows7\/how-to-manage-cookies-in-internet-explorer-9\" target=\"_blank\" rel=\"noreferrer noopener\">Internet Explorer<\/a>:<\/li>\n\n\n\n<li><a href=\"https:\/\/support.mozilla.org\/pt-PT\/kb\/Activar%2520e%2520Desactivar%2520cookies\" target=\"_blank\" rel=\"noreferrer noopener\">Mozilla Firefox<\/a>:<\/li>\n\n\n\n<li><a href=\"https:\/\/support.apple.com\/kb\/ph504\" target=\"_blank\" rel=\"noreferrer noopener\">Apple Safari<\/a>:<\/li>\n<\/ul>\n\n<h3 class=\"wp-block-heading\">Was passiert, wenn die Cookies deaktiviert sind?<\/h3>\n\n<p>Einige Funktionen oder Dienstleistungen funktionieren m\u00f6glicherweise nicht mehr oder zeigen ein unerwartetes Verhalten, wie beispielsweise die Identifizierung des Benutzers auf bestimmten Seiten oder der Erhalt von Informationen, die die Lokalisierung des Benutzers ber\u00fccksichtigen, und anderes mehr.<\/p>\n\n<p>Wenn Sie die Cookies dieser Webseite deaktivieren, erhalten Sie vermutlich keinen Zugriff mehr auf bestimmte Bereiche oder die Qualit\u00e4t Ihres Browsererlebnisses wird merklich herabgesetzt.<\/p>\n\n<p>Die auf dieser Webseite verwendeten Cookies<br\/>Nachfolgend finden Sie eine Tabelle mit einer Zusammenfassung der auf dieser Webseite verwendeten Cookies:<\/p>\n\n<p><strong>Unbedingt notwendige Cookies<\/strong><\/p>\n\n<figure class=\"wp-block-table\"><table class=\"has-fixed-layout\"><tbody><tr><td>Von<\/td><td>Cookies<\/td><td>Dauer<\/td><td>Typ<\/td><td>Zweck<\/td><\/tr><tr><td>www.recer.pt<\/td><td>Recer<\/td><td>Bis Sitzungs-ende<\/td><td>Session<\/td><td>Dieses Cookie wird vom PHP verwendet, um die Sitzungsvariablen auf dem Webserver zu speichern. Dieses Cookie ist f\u00fcr die Funktionst\u00fcchtigkeit der Webseite wesentlich. <\/td><\/tr><tr><td>www.recer.pt<\/td><td>lang<\/td><td>Ein Jahr<\/td><td>Permanent<\/td><td>Dient der Identifizierung der Sprache, die w\u00e4hrend des Navigierens auf der Webseite verwendet wird.<\/td><\/tr><\/tbody><\/table><\/figure>\n\n<p><strong>Analytische Cookies<\/strong><\/p>\n\n<figure class=\"wp-block-table\"><table class=\"has-fixed-layout\"><tbody><tr><td>Von<\/td><td>Cookies<\/td><td>Dauer<\/td><td>Typ<\/td><td>Zweck<\/td><\/tr><tr><td>Google<\/td><td>_ga<\/td><td>Zwei Jahre<\/td><td>Permanent<\/td><td>Geh\u00f6rt zu Google Analytics. Dient der Differenzierung der Benutzer (<a href=\"https:\/\/developers.google.com\/analytics\/devguides\/collection\/analyticsjs\/cookie-usage?hl=es-419#analyticsjs\" target=\"_blank\" rel=\"noreferrer noopener\">siehe mehr hier<\/a>) <\/td><\/tr><tr><td>Google<\/td><td>_gat<\/td><td>10 Minuten<\/td><td>Permanent<\/td><td>Geh\u00f6rt zu Google Analytics. Dient der Differenzierung der Benutzer (<a href=\"https:\/\/developers.google.com\/analytics\/devguides\/collection\/analyticsjs\/cookie-usage?hl=es-419#analyticsjs\" target=\"_blank\" rel=\"noreferrer noopener\">siehe mehr hier<\/a>) <\/td><\/tr><tr><td>Google<\/td><td>_gid<\/td><td>24 Stunden<\/td><td>Permanent<\/td><td>Geh\u00f6rt zu Google Analytics. Dient der Differenzierung der Benutzer (<a href=\"https:\/\/developers.google.com\/analytics\/devguides\/collection\/analyticsjs\/cookie-usage?hl=es-419#analyticsjs\" target=\"_blank\" rel=\"noreferrer noopener\">siehe mehr hier<\/a>) <\/td><\/tr><\/tbody><\/table><\/figure>\n\n<h3 class=\"wp-block-heading\">Zus\u00e4tzliche Garantien und Widerruf des Einverst\u00e4ndnisses<\/h3>\n\n<p>RECER ist nicht f\u00fcr den Inhalt und die Richtigkeit der Datenschutzerkl\u00e4rungen von Komponenten Dritter verantwortlich, die m\u00f6glicherweise Bestandteil dieser Webseite sind.<\/p>\n\n<p>Als zus\u00e4tzliche Garantie kann die Speicherung von Cookies auf dieser Webseite davon abh\u00e4ngig gemacht werden, dass der Benutzer w\u00e4hrend seines Besuchs der Webseite Cookies akzeptiert und den verwendeten Browser installiert oder aktualisiert. Dieses Einverst\u00e4ndnis kann jederzeit in den Konfigurationen bez\u00fcglich Inhalt und Privatsph\u00e4re widerrufen werden, wie oben unter Punkt 5 der vorliegenden Datenschutzerkl\u00e4rung definiert oder indem das Link unten auf dieser Seite verwendet wird. <\/p>\n\n<h3 class=\"wp-block-heading\">Aktualisierung der Cookie-Politik<\/h3>\n\n<p>RECER kann diese Cookie-Politik im Rahmen der gesetzlichen und untergesetzlichen Normen \u00e4ndern oder dieselbe Politik an neue gesetzliche Vorgaben anpassen.<\/p>\n\n<p>Im Falle signifikativer \u00c4nderungen dieser Cookie-Politik werden die Benutzer dieser Seite informiert.<br\/><br\/>Weitere Informationen \u00fcber Cookies<br\/> <br\/>You can see more information about cookies by clicking on the following link: <\/p>\n\n<p><a href=\"https:\/\/www.allaboutcookies.org\/\">www.allaboutcookies.org<\/a><\/p>\n\n<p>Zuletzt aktualisiert am: 01. Juli 2019.<br\/><br\/><\/p>\n","protected":false},"excerpt":{"rendered":"<p>Was sind Cookies? \u201cCookies\u201d sind kleine Softwareetiketten, die durch den Browser auf Ihrem Computer gespeichert werden und sich nur Informationen merken, die mit ihren Pr\u00e4ferenzen zu tun haben und als solche Ihre pers\u00f6nlichen Daten nicht beinhalten. Wozu dienen Cookies? Cookies helfen dabei, Nutzen, Interesse und Anzahl der Aufrufe der Websites festzustellen und auf diese Weise [&hellip;]<\/p>\n","protected":false},"author":1,"featured_media":0,"parent":0,"menu_order":0,"comment_status":"closed","ping_status":"closed","template":"","meta":{"footnotes":""},"class_list":["post-32777","page","type-page","status-publish","hentry"],"acf":[],"yoast_head":"<!-- This site is optimized with the Yoast SEO plugin v27.2 - https:\/\/yoast.com\/product\/yoast-seo-wordpress\/ -->\n<title>Cookie-Politik - Recer<\/title>\n<meta name=\"robots\" content=\"index, follow, max-snippet:-1, max-image-preview:large, max-video-preview:-1\" \/>\n<link rel=\"canonical\" href=\"https:\/\/dev.recer.pt\/de\/cookie-politik\/\" \/>\n<meta property=\"og:locale\" content=\"de_DE\" \/>\n<meta property=\"og:type\" content=\"article\" \/>\n<meta property=\"og:title\" content=\"Cookie-Politik - Recer\" \/>\n<meta property=\"og:description\" content=\"Was sind Cookies? \u201cCookies\u201d sind kleine Softwareetiketten, die durch den Browser auf Ihrem Computer gespeichert werden und sich nur Informationen merken, die mit ihren Pr\u00e4ferenzen zu tun haben und als solche Ihre pers\u00f6nlichen Daten nicht beinhalten. Wozu dienen Cookies? Cookies helfen dabei, Nutzen, Interesse und Anzahl der Aufrufe der Websites festzustellen und auf diese Weise [&hellip;]\" \/>\n<meta property=\"og:url\" content=\"https:\/\/dev.recer.pt\/de\/cookie-politik\/\" \/>\n<meta property=\"og:site_name\" content=\"Recer\" \/>\n<meta property=\"article:publisher\" content=\"https:\/\/www.facebook.com\/recerceramics\" \/>\n<meta property=\"article:modified_time\" content=\"2025-02-18T22:02:47+00:00\" \/>\n<meta name=\"twitter:card\" content=\"summary_large_image\" \/>\n<meta name=\"twitter:label1\" content=\"Gesch\u00e4tzte Lesezeit\" \/>\n\t<meta name=\"twitter:data1\" content=\"4\u00a0Minuten\" \/>\n<script type=\"application\/ld+json\" class=\"yoast-schema-graph\">{\"@context\":\"https:\/\/schema.org\",\"@graph\":[{\"@type\":\"WebPage\",\"@id\":\"https:\/\/dev.recer.pt\/de\/cookie-politik\/\",\"url\":\"https:\/\/dev.recer.pt\/de\/cookie-politik\/\",\"name\":\"Cookie-Politik - Recer\",\"isPartOf\":{\"@id\":\"https:\/\/dev.recer.pt\/de\/#website\"},\"datePublished\":\"2024-12-09T09:41:31+00:00\",\"dateModified\":\"2025-02-18T22:02:47+00:00\",\"breadcrumb\":{\"@id\":\"https:\/\/dev.recer.pt\/de\/cookie-politik\/#breadcrumb\"},\"inLanguage\":\"de\",\"potentialAction\":[{\"@type\":\"ReadAction\",\"target\":[\"https:\/\/dev.recer.pt\/de\/cookie-politik\/\"]}]},{\"@type\":\"BreadcrumbList\",\"@id\":\"https:\/\/dev.recer.pt\/de\/cookie-politik\/#breadcrumb\",\"itemListElement\":[{\"@type\":\"ListItem\",\"position\":1,\"name\":\"Home\",\"item\":\"https:\/\/dev.recer.pt\/de\/\"},{\"@type\":\"ListItem\",\"position\":2,\"name\":\"Cookie-Politik\"}]},{\"@type\":\"WebSite\",\"@id\":\"https:\/\/dev.recer.pt\/de\/#website\",\"url\":\"https:\/\/dev.recer.pt\/de\/\",\"name\":\"Recer\",\"description\":\"\",\"potentialAction\":[{\"@type\":\"SearchAction\",\"target\":{\"@type\":\"EntryPoint\",\"urlTemplate\":\"https:\/\/dev.recer.pt\/de\/?s={search_term_string}\"},\"query-input\":{\"@type\":\"PropertyValueSpecification\",\"valueRequired\":true,\"valueName\":\"search_term_string\"}}],\"inLanguage\":\"de\"}]}<\/script>\n<!-- \/ Yoast SEO plugin. -->","yoast_head_json":{"title":"Cookie-Politik - Recer","robots":{"index":"index","follow":"follow","max-snippet":"max-snippet:-1","max-image-preview":"max-image-preview:large","max-video-preview":"max-video-preview:-1"},"canonical":"https:\/\/dev.recer.pt\/de\/cookie-politik\/","og_locale":"de_DE","og_type":"article","og_title":"Cookie-Politik - Recer","og_description":"Was sind Cookies? \u201cCookies\u201d sind kleine Softwareetiketten, die durch den Browser auf Ihrem Computer gespeichert werden und sich nur Informationen merken, die mit ihren Pr\u00e4ferenzen zu tun haben und als solche Ihre pers\u00f6nlichen Daten nicht beinhalten. Wozu dienen Cookies? Cookies helfen dabei, Nutzen, Interesse und Anzahl der Aufrufe der Websites festzustellen und auf diese Weise [&hellip;]","og_url":"https:\/\/dev.recer.pt\/de\/cookie-politik\/","og_site_name":"Recer","article_publisher":"https:\/\/www.facebook.com\/recerceramics","article_modified_time":"2025-02-18T22:02:47+00:00","twitter_card":"summary_large_image","twitter_misc":{"Gesch\u00e4tzte Lesezeit":"4\u00a0Minuten"},"schema":{"@context":"https:\/\/schema.org","@graph":[{"@type":"WebPage","@id":"https:\/\/dev.recer.pt\/de\/cookie-politik\/","url":"https:\/\/dev.recer.pt\/de\/cookie-politik\/","name":"Cookie-Politik - Recer","isPartOf":{"@id":"https:\/\/dev.recer.pt\/de\/#website"},"datePublished":"2024-12-09T09:41:31+00:00","dateModified":"2025-02-18T22:02:47+00:00","breadcrumb":{"@id":"https:\/\/dev.recer.pt\/de\/cookie-politik\/#breadcrumb"},"inLanguage":"de","potentialAction":[{"@type":"ReadAction","target":["https:\/\/dev.recer.pt\/de\/cookie-politik\/"]}]},{"@type":"BreadcrumbList","@id":"https:\/\/dev.recer.pt\/de\/cookie-politik\/#breadcrumb","itemListElement":[{"@type":"ListItem","position":1,"name":"Home","item":"https:\/\/dev.recer.pt\/de\/"},{"@type":"ListItem","position":2,"name":"Cookie-Politik"}]},{"@type":"WebSite","@id":"https:\/\/dev.recer.pt\/de\/#website","url":"https:\/\/dev.recer.pt\/de\/","name":"Recer","description":"","potentialAction":[{"@type":"SearchAction","target":{"@type":"EntryPoint","urlTemplate":"https:\/\/dev.recer.pt\/de\/?s={search_term_string}"},"query-input":{"@type":"PropertyValueSpecification","valueRequired":true,"valueName":"search_term_string"}}],"inLanguage":"de"}]}},"_links":{"self":[{"href":"https:\/\/dev.recer.pt\/de\/wp-json\/wp\/v2\/pages\/32777","targetHints":{"allow":["GET"]}}],"collection":[{"href":"https:\/\/dev.recer.pt\/de\/wp-json\/wp\/v2\/pages"}],"about":[{"href":"https:\/\/dev.recer.pt\/de\/wp-json\/wp\/v2\/types\/page"}],"author":[{"embeddable":true,"href":"https:\/\/dev.recer.pt\/de\/wp-json\/wp\/v2\/users\/1"}],"replies":[{"embeddable":true,"href":"https:\/\/dev.recer.pt\/de\/wp-json\/wp\/v2\/comments?post=32777"}],"version-history":[{"count":1,"href":"https:\/\/dev.recer.pt\/de\/wp-json\/wp\/v2\/pages\/32777\/revisions"}],"predecessor-version":[{"id":32778,"href":"https:\/\/dev.recer.pt\/de\/wp-json\/wp\/v2\/pages\/32777\/revisions\/32778"}],"wp:attachment":[{"href":"https:\/\/dev.recer.pt\/de\/wp-json\/wp\/v2\/media?parent=32777"}],"curies":[{"name":"wp","href":"https:\/\/api.w.org\/{rel}","templated":true}]}}