{"id":32535,"date":"2024-12-09T09:40:26","date_gmt":"2024-12-09T09:40:26","guid":{"rendered":"https:\/\/dev.recer.pt\/datenschutz\/"},"modified":"2025-02-07T09:48:18","modified_gmt":"2025-02-07T09:48:18","slug":"datenschutz","status":"publish","type":"page","link":"https:\/\/dev.recer.pt\/de\/datenschutz\/","title":{"rendered":"Datenschutz"},"content":{"rendered":"\n<p>RECER nimmt die Privatsph\u00e4re seiner Kunden und Benutzer sehr ernst. Wir erf\u00fcllen die geltende europ\u00e4ische Gesetzgebung hinsichtlich der Verarbeitung pers\u00f6nlicher und privater Daten. Daher verwenden wir die besten Methoden, um die Benutzerdaten gegen m\u00f6gliche unrechtm\u00e4\u00dfige und ungenehmigte Zugriffe oder Verwendungen zu sch\u00fctzen. <\/p>\n\n<h3 class=\"wp-block-heading\">Wer wir sind<\/h3>\n\n<p>RECER S.A (fortan abgek\u00fcrzt als RECER bezeichnet) respektiert die Privatsph\u00e4re der Besucher und sch\u00fctzt sorgf\u00e4ltig alle betreffenden Informationen.<\/p>\n\n<h3 class=\"wp-block-heading\">Warum diese Datenschutzerkl\u00e4rung?<\/h3>\n\n<p>Mit dieser Datenschutzerkl\u00e4rung m\u00f6chten wir unsere Kunden und Benutzer \u00fcber die allgemeinen Regeln zum Schutze der Privatsph\u00e4re und pers\u00f6nlichen Daten informieren, die wir unter strenger Befolgung des Datenschutzgesetzes erfassen und verarbeiten.<\/p>\n\n<p>RECER verwendet die besten Methoden im Bereich Sicherheit und Schutz pers\u00f6nlicher Daten. Hierzu haben wir ein anspruchsvolles Programm genehmigt, das in der Lage ist, den Schutz der Daten zu gew\u00e4hrleisten, die uns durch alle zur Verf\u00fcgung gestellt werden, die in irgendeiner Form mit unserem Unternehmen in Beziehung stehen.<\/p>\n\n<p>Lesen Sie bitte aufmerksam diese Datenschutzerkl\u00e4rung, denn wenn Sie unsere Webseite besuchen, setzen Sie mit der Bereitstellung Ihrer pers\u00f6nlichen Daten voraus, dass Sie die vorliegenden Bedingungen kennen und akzeptieren. Indem Sie dementsprechend Ihre pers\u00f6nlichen Daten \u00fcbermitteln, genehmigen Sie deren Erfassung, Verwendung und Weitergabe gem\u00e4\u00df der vorliegend definierten Regeln.<\/p>\n\n<p>Leia por favor esta Pol\u00edtica de Privacidade com aten\u00e7\u00e3o pois, se est\u00e1 a aceder ao nosso website a disponibiliza\u00e7\u00e3o dos seus dados pessoais implica o conhecimento e aceita\u00e7\u00e3o das condi\u00e7\u00f5es aqui constantes. Assim, ao disponibilizar os seus dados pessoais, est\u00e1 a autorizar a recolha, uso e divulga\u00e7\u00e3o dos mesmos de acordo com as regras aqui definidas. <\/p>\n\n<h3 class=\"wp-block-heading\">Geistige Eigentumsrechte<\/h3>\n\n<p>Die Inhalte der Webseite, darunter unter anderem Bilder, Texte, Software, Fotografien, Ton, Musik, Videos, interaktive Ressourcen und \u00c4hnliches (\u201eInhalt\u201c), die Marken und Logos (\u201eMarken\u201c) sowie jegliche sonstige gewerbliche oder geistige Eigentumsrechte, die sich auf der Webseite finden, sind Eigentum von RECER, dessen unbefugte Verwendung durch Dritte ausdr\u00fccklich verboten ist. Der Inhalt der Webseite wird lediglich zum Zwecke der pers\u00f6nlichen Information und Verwendung zur Verf\u00fcgung gestellt und darf ohne vorherige schriftliche Genehmigung der betreffenden Eigent\u00fcmer zu keinerlei sonstigen Zwecken verwendet, kopiert, vervielf\u00e4ltigt, verteilt, \u00fcbermittelt, verbreitet, verkauft, per Lizenz oder auf sonstige Weise gewerblich genutzt werden. Der Benutzer erkl\u00e4rt, Mittel, die in Beziehung zur Sicherheit der Webseite oder der Applikation stehen, nicht zu verwenden, zu deaktivieren oder zu st\u00f6ren.  <\/p>\n\n<p>Der Benutzer darf jedoch Inhalte dieser Webseite f\u00fcr pers\u00f6nliche und nichtkommerzielle Zwecke ausdrucken, solange diese keine Ver\u00e4nderungen erfahren und deren Quelle und Urheberrechte weiterhin ausgewiesen werden und solange alle sonstigen Eigentumsangaben nicht entfernt werden.<\/p>\n\n<p>Kein Bestandteil dieser Webseite ist so zu interpretieren, dass deren Benutzern dadurch irgendeine Art von Nutzungsrecht oder sonstige Genehmigung zur Nutzung einger\u00e4umt w\u00fcrde. Die Webseite kann Bilder oder sonstige Inhalte enthalten, deren Urheberrechte Dritten geh\u00f6ren, wie beispielsweise im Falle von Zulieferern oder sonstigen Unternehmen, die zur Erstellung oder Pflege der Webseite beitragen (zum Beispiel Fotos aus Bilderdatenbanken). <\/p>\n\n<h3 class=\"wp-block-heading\">Inhalte und Gew\u00e4hrleistungen<\/h3>\n\n<p>Sie stimmen zu, dass die Nutzung der Website auf Ihr eigenes Risiko erfolgt. Soweit gesetzlich zul\u00e4ssig, lehnt RECER alle ausdr\u00fccklichen oder stillschweigenden Garantien in Bezug auf die Nutzung der Website <a href=\"https:\/\/www.recer.pt\/de\" target=\"_blank\" rel=\"noreferrer noopener\">www.recer.pt<\/a> garantiert nicht f\u00fcr die Richtigkeit oder Genauigkeit der auf seinen Websites zur Verf\u00fcgung gestellten Inhalte und \u00fcbernimmt keine Verantwortung oder Haftung f\u00fcr (i) Fehler oder ungenaue Inhalte, (ii) Personen- oder Sachsch\u00e4den jeglicher Art, die aus dem Zugriff auf und der Nutzung der Website und der Anwendung resultieren, (iii) unbefugten Zugriff auf oder die Nutzung unserer sicheren Server und\/oder der darauf gespeicherten pers\u00f6nlichen und\/oder finanziellen Daten, (iv) Unterbrechungen oder Einstellung der \u00dcbertragung zu oder von unserer Website, (iv) Fehler, Viren, trojanische Viren oder \u00e4hnliches, die auf oder \u00fcber die Website \u00fcbertragen werden, und\/oder (v) Fehler oder Auslassungen im Inhalt oder Verluste oder Sch\u00e4den, die durch die Nutzung von Inhalten entstehen, die \u00fcber die Website ver\u00f6ffentlicht, hochgeladen, \u00fcbertragen oder zur Verf\u00fcgung gestellt werden, (vi) Nichtverf\u00fcgbarkeit oder Schwierigkeiten oder Unf\u00e4higkeit, den Inhalt herunterzuladen oder auf ihn zuzugreifen, oder andere St\u00f6rungen im Kommunikationssystem, die dazu f\u00fchren k\u00f6nnen, dass die Website nicht verf\u00fcgbar ist.        <\/p>\n\n<p>RECER ist nicht f\u00fcr Wartung und Pflege der Webseite zust\u00e4ndig.<\/p>\n\n<p>RECER \u00fcbernimmt keine Haftung f\u00fcr Inhalte, die zwischen Benutzern oder zwischen diesen und Dritten au\u00dferhalb dieser Webseite \u00fcbermittelt werden.<\/p>\n\n<h3 class=\"wp-block-heading\">Anwendungsbereich der Datenschutzerkl\u00e4rung<\/h3>\n\n<p>Diese Datenschutzerkl\u00e4rung gilt ausschlie\u00dflich f\u00fcr die durch dieses Unternehmen erfassten und verarbeiteten pers\u00f6nlichen Daten.<\/p>\n\n<p>Auf der Webseite finden Sie Links zu anderen Webseiten, mit denen RECER nichts zu tun hat. Die Bereitstellung dieser Links erfolgt in gutem Glauben und RECER kann weder f\u00fcr die Erfassung und Verarbeitung pers\u00f6nlicher Daten durch jene Webseiten noch f\u00fcr die Richtigkeit, Glaubw\u00fcrdigkeit und Verwendungszwecke von Webseiten haftbar gemacht werden, die Dritten geh\u00f6ren. <\/p>\n\n<p>Dadurch, dass Links zu Webseiten bereitgestellt werden, die nicht zu RECER geh\u00f6ren, wird deshalb keinerlei Haftung in Bezug auf solche Webseiten \u00fcbernommen. F\u00fcr diese gilt die vorliegende Datenschutzerkl\u00e4rung daher nicht. RECER ist der Auffassung, dass man die Datenschutzerkl\u00e4rungen aller Webseiten, die man besucht, unbedingt lesen sollte. <\/p>\n\n<h3 class=\"wp-block-heading\">Was sind pers\u00f6nliche Daten?<\/h3>\n\n<p>Wenn vorliegend von pers\u00f6nlichen Daten die Rede ist, beziehen wir uns auf Informationen aller Art und unabh\u00e4ngig vom betreffenden Datentr\u00e4ger, einschlie\u00dflich Bild und Ton, die sich auf eine nat\u00fcrliche Person beziehen, die identifiziert oder identifizierbar ist.<\/p>\n\n<p>Als identifizierbar gilt eine Person, die direkt oder indirekt identifiziert werden kann, insbesondere \u00fcber eine Identifikationsnummer oder ein oder mehrere spezifische Elemente ihrer physischen, physiologischen, psychischen, wirtschaftlichen, kulturellen oder sozialen Identit\u00e4t.<\/p>\n\n<h3 class=\"wp-block-heading\">Wer ist f\u00fcr die Datenverarbeitung verantwortlich?<\/h3>\n\n<p>Zust\u00e4ndig f\u00fcr die Erfassung und Verarbeitung der pers\u00f6nlichen Daten ist RECER, das die Dienstleistung f\u00fcr Sie erbringt und im betreffenden Kontext entscheidet, welche Daten erfasst werden, auf welche Weise sie verarbeitet werden und zu welchen Zwecken. Falls Sie Fragen zum Datenschutz und zur vorliegenden Erkl\u00e4rung haben, k\u00f6nnen Sie RECER \u00fcber folgende E-Mail-Adresse kontaktieren: recer@recer.pt. <\/p>\n\n<h3 class=\"wp-block-heading\">Welche Arten von pers\u00f6nlichen Daten erfassen wir?<\/h3>\n\n<p>RECER erfasst und verarbeitet im Rahmen seiner T\u00e4tigkeit pers\u00f6nliche Daten, die f\u00fcr die Erbringung der Dienstleistungen und\/oder Produktlieferung erforderlich sind. Dabei werden u.a. Daten wir Ihr Name, Anschrift, Geburtsdatum, Gender, elektronische Adresse, Ausbildungsabschl\u00fcsse oder Steuernummer verarbeitet. Diese Daten k\u00f6nnen erbeten werden, wenn Sie sich auf unserer Webseite einschreiben oder Kontaktformulare ausf\u00fcllen, sei es als Mitarbeiter, Bewerber um einen Arbeitsplatz, Auszubildender, Lehrkraft, Zulieferer, Besucher, Gesch\u00e4ftspartner oder in anderer Funktion, oder wenn Sie E-Mails empfangen oder senden, oder f\u00fcr Dienstleistungen, die man abonnieren oder f\u00fcr die man sich registrieren muss. Alle pers\u00f6nlichen Informationen bez\u00fcglich all der gerade genannten Stakeholder und anderer Personen, die die Webseiten von RECER nutzen, werden in \u00dcbereinstimmung mit der Datenschutzgrundverordnung (DSGVO) verarbeitet.  <\/p>\n\n<h3 class=\"wp-block-heading\">Wann und wie erfassen wir Ihre Daten?<\/h3>\n\n<p>RECER erfasst Ihre Daten telefonisch, schriftlich oder \u00fcber unsere Webseite, mit Ihrem Einverst\u00e4ndnis. Normalerweise werden die pers\u00f6nlichen Daten erfasst, wenn der Benutzer eines unserer Produkte oder Dienstleistungen abonniert. <\/p>\n\n<p>Einige pers\u00f6nliche Daten m\u00fcssen obligatorisch angegeben werden und falls diese Daten ganz oder teilweise fehlen, kann RECER das betreffende Produkt bzw. Dienstleistung nicht zur Verf\u00fcgung stellen. Deshalb wird das Unternehmen die Benutzer informieren, dass die Bereitstellung der betreffenden Daten obligatorisch ist.<\/p>\n\n<p>Wenn Sie kein Kunde von RECER sind, werden Ihre Daten nur verarbeitet, falls Sie sie dem Unternehmen zur Verf\u00fcgung stellen, insbesondere wenn Sie Newsletter abonnieren oder sich auf unserer Webseite registrieren. In diesem Fall finden die Regeln unserer Datenschutzerkl\u00e4rung Anwendung.<\/p>\n\n<p>Die erfassten pers\u00f6nlichen Daten werden elektronisch unter strikter Einhaltung der Datenschutzgesetzgebung verarbeitet. Dabei werden sie in spezifischen Datenbanken gespeichert, die zu diesem Zweck geschaffen wurden, und unter keinen Umst\u00e4nden werden die Daten f\u00fcr andere Zwecke als jene verwendet, f\u00fcr die der Dateninhaber sein Einverst\u00e4ndnis gegeben hat.<\/p>\n\n<h3 class=\"wp-block-heading\">Wie lange bewahren wir Ihre pers\u00f6nlichen Daten auf?<\/h3>\n\n<p>Der Zeitraum, w\u00e4hrend dessen die Daten gespeichert und aufbewahrt werden, h\u00e4ngt vom Zweck ab, f\u00fcr den die Information verarbeitet wird. Es gibt gesetzliche Anforderungen, die die Speicherung von Daten f\u00fcr einen Mindestzeitraum vorschreiben. Insofern keine spezialgesetzliche Vorschrift Anwendung findet, gilt demnach, dass die Daten nur solange aufzubewahren sind, wie f\u00fcr die Zwecke unbedingt erforderlich ist, die Grund f\u00fcr ihre Erfassung oder ihre sp\u00e4tere Verarbeitung waren, oder solange, wie von der nationalen Datenschutzkommission genehmigt wurde. Danach sind sie zu l\u00f6schen.  <\/p>\n\n<h3 class=\"wp-block-heading\">Wie erhalten Sie Zugang auf Ihre pers\u00f6nlichen Daten, berichtigen sie oder beanstanden ihre Verarbeitung?<\/h3>\n\n<p>Die Datenschutzgrundverordnung gew\u00e4hrleistet dem Dateninhaber das Recht auf Zugang zu seinen pers\u00f6nlichen Daten, auf deren Aktualisierung, Berichtigung oder L\u00f6schung, was \u00fcber die verschiedenen Kontakte erfolgen kann, die RECER zur Verf\u00fcgung stellt.<\/p>\n\n<p>Wenn Sie es w\u00fcnschen, k\u00f6nnen Sie Ihre Registrierung oder Nutzung jederzeit r\u00fcckg\u00e4ngig machen und sich daf\u00fcr entscheiden, keine E-Mails mehr zu erhalten, und Sie k\u00f6nnen sich auch daf\u00fcr entscheiden, alle Ihre pers\u00f6nlichen Daten aus unserer Datenbank zu l\u00f6schen.<\/p>\n\n<p>Die betroffene Person hat au\u00dferdem das Recht, eine Kopie ihrer bei uns gespeicherten pers\u00f6nlichen Daten zu erhalten. RECER beh\u00e4lt sich das Recht vor, f\u00fcr jede Anfrage eine geringe Geb\u00fchr f\u00fcr Verwaltungs- und IT-Kosten zu erheben. Wenn Sie sich als Benutzer unserer Websites registrieren lassen, werden Ihre Daten in einer speziellen Datenbank zur Benutzerkontrolle gespeichert. Die betroffene Person kann jedoch jederzeit die L\u00f6schung ihrer Daten verlangen, indem sie sich schriftlich an unsere offizielle Adresse auf der Website wendet.   <\/p>\n\n<h3 class=\"wp-block-heading\">Wie sichern wir Ihre Daten?<\/h3>\n\n<ul class=\"wp-block-list\">\n<li>Eingeschr\u00e4nkter pers\u00f6nlicher Zugriff auf Ihre pers\u00f6nlichen Daten auf der Basis des Need-to-know-Prinzips und nur im Rahmen der mitgeteilten Zwecke;<\/li>\n\n\n\n<li>\u00dcbermittlung der erfassten Daten nur in verschl\u00fcsselter Form; Speicherung streng vertraulicher Daten;<\/li>\n\n\n\n<li>Schutz der IT-Systeme durch Firewalls, um unbefugte Zugriffe auf Ihre pers\u00f6nlichen Daten zu verhindern; und<\/li>\n\n\n\n<li>st\u00e4ndige \u00dcberwachung der Zugriffe auf die IT-Systeme, um einer nicht ordnungsgem\u00e4\u00dfen Verwendung ihrer pers\u00f6nlichen Daten vorzubeugen, eine solche zu entdecken und zu verhindern.<\/li>\n<\/ul>\n\n<h3 class=\"wp-block-heading\">Wie k\u00f6nnen Sie Kontaktaufnahmen zu Marketingzwecken verhindern?<\/h3>\n\n<p>RECER kann bei seinen Kunden Werbekampagnen f\u00fcr neue Produkte oder Dienstleistungen durchf\u00fchren, per Telefon, E-Mail, SMS, MMS oder \u00fcber sonstige elektronische Medien, es sei denn, der Kunde hat sich bei der Erfassung seiner Daten dagegen ausgesprochen.<\/p>\n\n<p>Falls Sie solche Mitteilungen nicht erhalten m\u00f6chten, k\u00f6nnen Sie jederzeit ablehnen, dass Ihre Daten zu Marketingzwecken oder zur Zusendung von Informationsmaterialien verwendet werden oder in Listen oder informative Dienstleistungen aufgenommen werden.<\/p>\n\n<h3 class=\"wp-block-heading\">Welche Ma\u00dfnahmen ergreift RECER f\u00fcr die Sicherheit Ihrer pers\u00f6nlichen Daten?<\/h3>\n\n<p>RECER verpflichtet sich dazu, die Sicherheit der uns zur Verf\u00fcgung gestellten pers\u00f6nlichen Daten zu gew\u00e4hrleisten. Zu diesem Zweck haben wir rigorose einschl\u00e4gige Regeln implementiert. Die Erf\u00fcllung dieser Regeln bildet eine unumg\u00e4ngliche Pflichte f\u00fcr all jene, die auf diese Daten gesetzlich zugreifen. <\/p>\n\n<p>Im Einklang mit der gro\u00dfen Sorgfalt und dem Einsatz, den RECER bei Fragen des Schutzes der Privatsph\u00e4re an den Tag legt, wurden diverse Sicherheitsma\u00dfnahmen technischer und organisationaler Art \u00fcbernommen, um die uns anvertrauten pers\u00f6nlichen Daten gegen ihre Verbreitung, Verlust, unbefugte Verwendung, Ver\u00e4nderung, unbefugte Verarbeitung oder Zugang sowie gegen jede sonstige Art von ungesetzlicher Handhabung zu sch\u00fctzen. Dementsprechend erfordern die Formulare zur Erfassung pers\u00f6nlicher Daten verschl\u00fcsselte Browsersitzungen und alle pers\u00f6nlichen Daten, die Sie uns \u00fcberlassen, werden sicher auf den Systemen von RECER gespeichert. <\/p>\n\n<p>Trotz der von RECER angewandten Sicherheitsma\u00dfnahmen ist es unsere Pflicht, alle, die im Internet navigieren, darauf hinzuweisen, dass sie zus\u00e4tzliche Sicherheitsma\u00dfnahmen ergreifen sollen, insbesondere sicherstellen, dass man einen Rechner und einen Browser verwendet, der aktuelle und ordentlich konfigurierte Sicherheitspatches verwendet, mit aktiver Firewall, Antiviren- und Antispywareprogramm, und sich von der Echtheit der Webseiten \u00fcberzeugen, die man im Internet besucht, sowie Webseiten vermeiden, denen man nicht vertraut.<\/p>\n\n<h3 class=\"wp-block-heading\">Wie verwenden wir \u201eCookies\u201d?<\/h3>\n\n<p>\u201eCookies\u201d sind kleine Softwareetiketten, die durch den Browser auf Ihrem Computer gespeichert werden und sich nur Informationen merken, die mit ihren Pr\u00e4ferenzen zu tun haben und als solche Ihre pers\u00f6nlichen Daten nicht beinhalten.<\/p>\n\n<p>Wenn Sie mehr \u00fcber Cookies wissen m\u00f6chten und dar\u00fcber, wie RECER sie auf seiner Webseite verwendet, dann lesen Sie das folgende Dokument \u00fcber Cookies.<\/p>\n\n<p><a href=\"https:\/\/www.recer.pt\/pt\/politica-de-cookies-\/\" target=\"_blank\" rel=\"noreferrer noopener\">SIEHE COOKIE-RICHTLINIE<\/a><\/p>\n\n<p>Wie erfahren Sie \u00c4nderungen der Datenschutzpolitik von RECER?<\/p>\n\n<p>RECER beh\u00e4lt sich das Recht vor, die vorliegende Datenschutzerkl\u00e4rung jederzeit anzupassen oder zu \u00e4ndern, wobei solche \u00c4nderungen in unserer betreffenden Webseite ordnungsgem\u00e4\u00df bekanntgegeben werden.<\/p>\n\n<p>Zuletzt aktualisiert am: 01. Juli 2019.<br\/><br\/><\/p>\n","protected":false},"excerpt":{"rendered":"<p>RECER nimmt die Privatsph\u00e4re seiner Kunden und Benutzer sehr ernst. Wir erf\u00fcllen die geltende europ\u00e4ische Gesetzgebung hinsichtlich der Verarbeitung pers\u00f6nlicher und privater Daten. Daher verwenden wir die besten Methoden, um die Benutzerdaten gegen m\u00f6gliche unrechtm\u00e4\u00dfige und ungenehmigte Zugriffe oder Verwendungen zu sch\u00fctzen. Wer wir sind RECER S.A (fortan abgek\u00fcrzt als RECER bezeichnet) respektiert die Privatsph\u00e4re [&hellip;]<\/p>\n","protected":false},"author":1,"featured_media":0,"parent":0,"menu_order":0,"comment_status":"closed","ping_status":"closed","template":"","meta":{"footnotes":""},"class_list":["post-32535","page","type-page","status-publish","hentry"],"acf":[],"yoast_head":"<!-- This site is optimized with the Yoast SEO plugin v27.4 - https:\/\/yoast.com\/product\/yoast-seo-wordpress\/ -->\n<title>Datenschutz - Recer<\/title>\n<meta name=\"robots\" content=\"index, follow, max-snippet:-1, max-image-preview:large, max-video-preview:-1\" \/>\n<link rel=\"canonical\" href=\"https:\/\/dev.recer.pt\/de\/datenschutz\/\" \/>\n<meta property=\"og:locale\" content=\"de_DE\" \/>\n<meta property=\"og:type\" content=\"article\" \/>\n<meta property=\"og:title\" content=\"Datenschutz - Recer\" \/>\n<meta property=\"og:description\" content=\"RECER nimmt die Privatsph\u00e4re seiner Kunden und Benutzer sehr ernst. Wir erf\u00fcllen die geltende europ\u00e4ische Gesetzgebung hinsichtlich der Verarbeitung pers\u00f6nlicher und privater Daten. Daher verwenden wir die besten Methoden, um die Benutzerdaten gegen m\u00f6gliche unrechtm\u00e4\u00dfige und ungenehmigte Zugriffe oder Verwendungen zu sch\u00fctzen. Wer wir sind RECER S.A (fortan abgek\u00fcrzt als RECER bezeichnet) respektiert die Privatsph\u00e4re [&hellip;]\" \/>\n<meta property=\"og:url\" content=\"https:\/\/dev.recer.pt\/de\/datenschutz\/\" \/>\n<meta property=\"og:site_name\" content=\"Recer\" \/>\n<meta property=\"article:publisher\" content=\"https:\/\/www.facebook.com\/recerceramics\" \/>\n<meta property=\"article:modified_time\" content=\"2025-02-07T09:48:18+00:00\" \/>\n<meta name=\"twitter:card\" content=\"summary_large_image\" \/>\n<meta name=\"twitter:label1\" content=\"Gesch\u00e4tzte Lesezeit\" \/>\n\t<meta name=\"twitter:data1\" content=\"10\u00a0Minuten\" \/>\n<script type=\"application\/ld+json\" class=\"yoast-schema-graph\">{\"@context\":\"https:\\\/\\\/schema.org\",\"@graph\":[{\"@type\":\"WebPage\",\"@id\":\"https:\\\/\\\/dev.recer.pt\\\/de\\\/datenschutz\\\/\",\"url\":\"https:\\\/\\\/dev.recer.pt\\\/de\\\/datenschutz\\\/\",\"name\":\"Datenschutz - Recer\",\"isPartOf\":{\"@id\":\"https:\\\/\\\/dev.recer.pt\\\/de\\\/#website\"},\"datePublished\":\"2024-12-09T09:40:26+00:00\",\"dateModified\":\"2025-02-07T09:48:18+00:00\",\"breadcrumb\":{\"@id\":\"https:\\\/\\\/dev.recer.pt\\\/de\\\/datenschutz\\\/#breadcrumb\"},\"inLanguage\":\"de\",\"potentialAction\":[{\"@type\":\"ReadAction\",\"target\":[\"https:\\\/\\\/dev.recer.pt\\\/de\\\/datenschutz\\\/\"]}]},{\"@type\":\"BreadcrumbList\",\"@id\":\"https:\\\/\\\/dev.recer.pt\\\/de\\\/datenschutz\\\/#breadcrumb\",\"itemListElement\":[{\"@type\":\"ListItem\",\"position\":1,\"name\":\"Home\",\"item\":\"https:\\\/\\\/dev.recer.pt\\\/de\\\/\"},{\"@type\":\"ListItem\",\"position\":2,\"name\":\"Datenschutz\"}]},{\"@type\":\"WebSite\",\"@id\":\"https:\\\/\\\/dev.recer.pt\\\/de\\\/#website\",\"url\":\"https:\\\/\\\/dev.recer.pt\\\/de\\\/\",\"name\":\"Recer\",\"description\":\"\",\"potentialAction\":[{\"@type\":\"SearchAction\",\"target\":{\"@type\":\"EntryPoint\",\"urlTemplate\":\"https:\\\/\\\/dev.recer.pt\\\/de\\\/?s={search_term_string}\"},\"query-input\":{\"@type\":\"PropertyValueSpecification\",\"valueRequired\":true,\"valueName\":\"search_term_string\"}}],\"inLanguage\":\"de\"}]}<\/script>\n<!-- \/ Yoast SEO plugin. -->","yoast_head_json":{"title":"Datenschutz - Recer","robots":{"index":"index","follow":"follow","max-snippet":"max-snippet:-1","max-image-preview":"max-image-preview:large","max-video-preview":"max-video-preview:-1"},"canonical":"https:\/\/dev.recer.pt\/de\/datenschutz\/","og_locale":"de_DE","og_type":"article","og_title":"Datenschutz - Recer","og_description":"RECER nimmt die Privatsph\u00e4re seiner Kunden und Benutzer sehr ernst. Wir erf\u00fcllen die geltende europ\u00e4ische Gesetzgebung hinsichtlich der Verarbeitung pers\u00f6nlicher und privater Daten. Daher verwenden wir die besten Methoden, um die Benutzerdaten gegen m\u00f6gliche unrechtm\u00e4\u00dfige und ungenehmigte Zugriffe oder Verwendungen zu sch\u00fctzen. Wer wir sind RECER S.A (fortan abgek\u00fcrzt als RECER bezeichnet) respektiert die Privatsph\u00e4re [&hellip;]","og_url":"https:\/\/dev.recer.pt\/de\/datenschutz\/","og_site_name":"Recer","article_publisher":"https:\/\/www.facebook.com\/recerceramics","article_modified_time":"2025-02-07T09:48:18+00:00","twitter_card":"summary_large_image","twitter_misc":{"Gesch\u00e4tzte Lesezeit":"10\u00a0Minuten"},"schema":{"@context":"https:\/\/schema.org","@graph":[{"@type":"WebPage","@id":"https:\/\/dev.recer.pt\/de\/datenschutz\/","url":"https:\/\/dev.recer.pt\/de\/datenschutz\/","name":"Datenschutz - Recer","isPartOf":{"@id":"https:\/\/dev.recer.pt\/de\/#website"},"datePublished":"2024-12-09T09:40:26+00:00","dateModified":"2025-02-07T09:48:18+00:00","breadcrumb":{"@id":"https:\/\/dev.recer.pt\/de\/datenschutz\/#breadcrumb"},"inLanguage":"de","potentialAction":[{"@type":"ReadAction","target":["https:\/\/dev.recer.pt\/de\/datenschutz\/"]}]},{"@type":"BreadcrumbList","@id":"https:\/\/dev.recer.pt\/de\/datenschutz\/#breadcrumb","itemListElement":[{"@type":"ListItem","position":1,"name":"Home","item":"https:\/\/dev.recer.pt\/de\/"},{"@type":"ListItem","position":2,"name":"Datenschutz"}]},{"@type":"WebSite","@id":"https:\/\/dev.recer.pt\/de\/#website","url":"https:\/\/dev.recer.pt\/de\/","name":"Recer","description":"","potentialAction":[{"@type":"SearchAction","target":{"@type":"EntryPoint","urlTemplate":"https:\/\/dev.recer.pt\/de\/?s={search_term_string}"},"query-input":{"@type":"PropertyValueSpecification","valueRequired":true,"valueName":"search_term_string"}}],"inLanguage":"de"}]}},"_links":{"self":[{"href":"https:\/\/dev.recer.pt\/de\/wp-json\/wp\/v2\/pages\/32535","targetHints":{"allow":["GET"]}}],"collection":[{"href":"https:\/\/dev.recer.pt\/de\/wp-json\/wp\/v2\/pages"}],"about":[{"href":"https:\/\/dev.recer.pt\/de\/wp-json\/wp\/v2\/types\/page"}],"author":[{"embeddable":true,"href":"https:\/\/dev.recer.pt\/de\/wp-json\/wp\/v2\/users\/1"}],"replies":[{"embeddable":true,"href":"https:\/\/dev.recer.pt\/de\/wp-json\/wp\/v2\/comments?post=32535"}],"version-history":[{"count":1,"href":"https:\/\/dev.recer.pt\/de\/wp-json\/wp\/v2\/pages\/32535\/revisions"}],"predecessor-version":[{"id":32536,"href":"https:\/\/dev.recer.pt\/de\/wp-json\/wp\/v2\/pages\/32535\/revisions\/32536"}],"wp:attachment":[{"href":"https:\/\/dev.recer.pt\/de\/wp-json\/wp\/v2\/media?parent=32535"}],"curies":[{"name":"wp","href":"https:\/\/api.w.org\/{rel}","templated":true}]}}